{"id":92,"date":"2022-06-15T10:17:19","date_gmt":"2022-06-15T10:17:19","guid":{"rendered":"http:\/\/wordpress.motivacio.hu\/wordpress\/?page_id=92"},"modified":"2024-01-15T12:12:01","modified_gmt":"2024-01-15T12:12:01","slug":"tajekoztatok-ismertetok-a-szolgaltatassal-kapcsolatban","status":"publish","type":"page","link":"https:\/\/motivacio.hu\/wordpress_G\/tajekoztatok-ismertetok-a-szolgaltatassal-kapcsolatban\/","title":{"rendered":"T\u00e1j\u00e9koztat\u00f3k, ismertet\u0151k a szolg\u00e1ltat\u00e1ssal kapcsolatban"},"content":{"rendered":"<p><a href=\"https:\/\/motivacio.hu\/wordpress_G\/wp-content\/uploads\/2024\/01\/Szemelyi_segites_szocialisan_raszorult_ugyfel_eseteben.pdf\">Szem\u00e9lyi seg\u00edt\u00e9s szoci\u00e1lisan r\u00e1szorult \u00fcgyf\u00e9l eset\u00e9ben<\/a><\/p>\n<p><a href=\"https:\/\/motivacio.hu\/wordpress_G\/wp-content\/uploads\/2024\/01\/Szemelyi_szallitas_segites_szocialisan_raszorult_ugyfel_eseteben.pdf\">Szem\u00e9lyi sz\u00e1ll\u00edt\u00e1s seg\u00edt\u00e9s szoci\u00e1lisan r\u00e1szorult \u00fcgyf\u00e9l eset\u00e9ben<\/a><\/p>\n","protected":false},"excerpt":{"rendered":"<p>Szem\u00e9lyi seg\u00edt\u00e9s szoci\u00e1lisan r\u00e1szorult \u00fcgyf\u00e9l eset\u00e9ben Szem\u00e9lyi sz\u00e1ll\u00edt\u00e1s seg\u00edt\u00e9s szoci\u00e1lisan r\u00e1szorult \u00fcgyf\u00e9l eset\u00e9ben<\/p>\n","protected":false},"author":1,"featured_media":0,"parent":0,"menu_order":0,"comment_status":"closed","ping_status":"closed","template":"","meta":{"footnotes":""},"class_list":["post-92","page","type-page","status-publish","hentry"],"_links":{"self":[{"href":"https:\/\/motivacio.hu\/wordpress_G\/wp-json\/wp\/v2\/pages\/92","targetHints":{"allow":["GET"]}}],"collection":[{"href":"https:\/\/motivacio.hu\/wordpress_G\/wp-json\/wp\/v2\/pages"}],"about":[{"href":"https:\/\/motivacio.hu\/wordpress_G\/wp-json\/wp\/v2\/types\/page"}],"author":[{"embeddable":true,"href":"https:\/\/motivacio.hu\/wordpress_G\/wp-json\/wp\/v2\/users\/1"}],"replies":[{"embeddable":true,"href":"https:\/\/motivacio.hu\/wordpress_G\/wp-json\/wp\/v2\/comments?post=92"}],"version-history":[{"count":2,"href":"https:\/\/motivacio.hu\/wordpress_G\/wp-json\/wp\/v2\/pages\/92\/revisions"}],"predecessor-version":[{"id":467,"href":"https:\/\/motivacio.hu\/wordpress_G\/wp-json\/wp\/v2\/pages\/92\/revisions\/467"}],"wp:attachment":[{"href":"https:\/\/motivacio.hu\/wordpress_G\/wp-json\/wp\/v2\/media?parent=92"}],"curies":[{"name":"wp","href":"https:\/\/api.w.org\/{rel}","templated":true}]}}