{"id":84,"date":"2022-06-15T09:59:38","date_gmt":"2022-06-15T09:59:38","guid":{"rendered":"http:\/\/wordpress.motivacio.hu\/wordpress\/?page_id=84"},"modified":"2024-01-16T08:44:34","modified_gmt":"2024-01-16T08:44:34","slug":"a-szolgalatatas-mukodtetesevel-osszefuggo-dokumentumok","status":"publish","type":"page","link":"https:\/\/motivacio.hu\/wordpress_G\/a-szolgalatatas-mukodtetesevel-osszefuggo-dokumentumok\/","title":{"rendered":"A szolg\u00e1ltat\u00e1s m\u0171k\u00f6dtet\u00e9s\u00e9vel \u00f6sszef\u00fcgg\u0151 dokumentumok"},"content":{"rendered":"<p><a href=\"https:\/\/motivacio.hu\/wordpress_G\/wp-content\/uploads\/2024\/01\/Tamogato_szolgalat_mukodesi_engedelye.pdf\">T\u00e1mogat\u00f3 Szolg\u00e1lat m\u0171k\u00f6d\u00e9si enged\u00e9lye<\/a><\/p>\n<p><a href=\"https:\/\/motivacio.hu\/wordpress_G\/wp-content\/uploads\/2024\/01\/Tamogato_szolgalat_szervezeti_es_mukodesi_szabalyzata.pdf\">T\u00e1mogat\u00f3 szolg\u00e1lat szervezeti \u00e9s m\u0171k\u00f6d\u00e9si szab\u00e1lyzata<\/a><\/p>\n<p><a href=\"https:\/\/motivacio.hu\/wordpress_G\/wp-content\/uploads\/2024\/01\/Tamogato_szolgalat_szakmai_programja.pdf\">T\u00e1mogat\u00f3 szolg\u00e1lat szakmai programja<\/a><\/p>\n<p><a href=\"https:\/\/motivacio.hu\/wordpress_G\/wp-content\/uploads\/2024\/01\/Tajekoztatas_az_ellatottjogi_kepviselorol.pdf\">T\u00e1j\u00e9koztat\u00e1s az ell\u00e1tottjogi k\u00e9pvisel\u0151r\u0151l<\/a><\/p>\n<p><a href=\"https:\/\/motivacio.hu\/wordpress_G\/wp-content\/uploads\/2024\/01\/Tajekoztatas_teritesi_dijrol.pdf\">T\u00e1j\u00e9koztat\u00e1s t\u00e9r\u00edt\u00e9si d\u00edjr\u00f3l<\/a><\/p>\n<p><a href=\"https:\/\/motivacio.hu\/wordpress_G\/wp-content\/uploads\/2024\/01\/Tamogato_szolgalat_gepjarmu_uzemeltetesi_szabalyzata.pdf\">T\u00e1mogat\u00f3 szolg\u00e1lat g\u00e9pj\u00e1rm\u0171 \u00fczemeltet\u00e9si szab\u00e1lyzata<\/a><\/p>\n<p><a href=\"https:\/\/motivacio.hu\/wordpress_G\/wp-content\/uploads\/2024\/01\/Tajekoztato_a_KENYSZI_rendszerrel_kapcsolatban.pdf\">T\u00e1j\u00e9koztat\u00f3 a KENYSZI rendszerrel kapcsolatban<\/a><\/p>\n<p><a href=\"https:\/\/motivacio.hu\/wordpress_G\/wp-content\/uploads\/2024\/01\/Orvosi_nyilatkozat.doc\">Orvosi nyilatkozat<\/a><\/p>\n<p>&nbsp;<\/p>\n<p>&nbsp;<\/p>\n","protected":false},"excerpt":{"rendered":"<p>T\u00e1mogat\u00f3 Szolg\u00e1lat m\u0171k\u00f6d\u00e9si enged\u00e9lye T\u00e1mogat\u00f3 szolg\u00e1lat szervezeti \u00e9s m\u0171k\u00f6d\u00e9si szab\u00e1lyzata T\u00e1mogat\u00f3 szolg\u00e1lat szakmai programja T\u00e1j\u00e9koztat\u00e1s az ell\u00e1tottjogi k\u00e9pvisel\u0151r\u0151l T\u00e1j\u00e9koztat\u00e1s t\u00e9r\u00edt\u00e9si d\u00edjr\u00f3l T\u00e1mogat\u00f3 szolg\u00e1lat g\u00e9pj\u00e1rm\u0171 \u00fczemeltet\u00e9si szab\u00e1lyzata T\u00e1j\u00e9koztat\u00f3 a KENYSZI rendszerrel kapcsolatban Orvosi nyilatkozat &nbsp; &nbsp;<\/p>\n","protected":false},"author":1,"featured_media":0,"parent":0,"menu_order":0,"comment_status":"closed","ping_status":"closed","template":"","meta":{"footnotes":""},"class_list":["post-84","page","type-page","status-publish","hentry"],"_links":{"self":[{"href":"https:\/\/motivacio.hu\/wordpress_G\/wp-json\/wp\/v2\/pages\/84","targetHints":{"allow":["GET"]}}],"collection":[{"href":"https:\/\/motivacio.hu\/wordpress_G\/wp-json\/wp\/v2\/pages"}],"about":[{"href":"https:\/\/motivacio.hu\/wordpress_G\/wp-json\/wp\/v2\/types\/page"}],"author":[{"embeddable":true,"href":"https:\/\/motivacio.hu\/wordpress_G\/wp-json\/wp\/v2\/users\/1"}],"replies":[{"embeddable":true,"href":"https:\/\/motivacio.hu\/wordpress_G\/wp-json\/wp\/v2\/comments?post=84"}],"version-history":[{"count":4,"href":"https:\/\/motivacio.hu\/wordpress_G\/wp-json\/wp\/v2\/pages\/84\/revisions"}],"predecessor-version":[{"id":491,"href":"https:\/\/motivacio.hu\/wordpress_G\/wp-json\/wp\/v2\/pages\/84\/revisions\/491"}],"wp:attachment":[{"href":"https:\/\/motivacio.hu\/wordpress_G\/wp-json\/wp\/v2\/media?parent=84"}],"curies":[{"name":"wp","href":"https:\/\/api.w.org\/{rel}","templated":true}]}}