{"id":59,"date":"2022-06-14T09:44:27","date_gmt":"2022-06-14T09:44:27","guid":{"rendered":"http:\/\/192.168.0.28\/?page_id=59"},"modified":"2025-06-17T11:29:13","modified_gmt":"2025-06-17T10:29:13","slug":"beszamolok","status":"publish","type":"page","link":"https:\/\/motivacio.hu\/wordpress_G\/beszamolok\/","title":{"rendered":"Besz\u00e1mol\u00f3k"},"content":{"rendered":"\r\n\r\n\r\n\r\n\r\n<figure class=\"wp-block-table is-style-stripes\">\r\n<table>\r\n<tbody>\r\n<tr>\r\n<td>2008<\/td>\r\n<td class=\"has-text-align-right\" data-align=\"right\">92<\/td>\r\n<\/tr>\r\n<tr>\r\n<td>2009<\/td>\r\n<td class=\"has-text-align-right\" data-align=\"right\">84<\/td>\r\n<\/tr>\r\n<tr>\r\n<td>2010<\/td>\r\n<td class=\"has-text-align-right\" data-align=\"right\">79<\/td>\r\n<\/tr>\r\n<tr>\r\n<td>2011<\/td>\r\n<td class=\"has-text-align-right\" data-align=\"right\">116<\/td>\r\n<\/tr>\r\n<tr>\r\n<td>2012<\/td>\r\n<td class=\"has-text-align-right\" data-align=\"right\">106<\/td>\r\n<\/tr>\r\n<tr>\r\n<td>2013<\/td>\r\n<td class=\"has-text-align-right\" data-align=\"right\">86<\/td>\r\n<\/tr>\r\n<tr>\r\n<td>2014<\/td>\r\n<td class=\"has-text-align-right\" data-align=\"right\">119<\/td>\r\n<\/tr>\r\n<tr>\r\n<td>2015<\/td>\r\n<td class=\"has-text-align-right\" data-align=\"right\">92<\/td>\r\n<\/tr>\r\n<tr>\r\n<td>2016<\/td>\r\n<td class=\"has-text-align-right\" data-align=\"right\">104<\/td>\r\n<\/tr>\r\n<tr>\r\n<td>2017<\/td>\r\n<td class=\"has-text-align-right\" data-align=\"right\">\u00a0<\/td>\r\n<\/tr>\r\n<tr>\r\n<td>2018<\/td>\r\n<td class=\"has-text-align-right\" data-align=\"right\">\u00a0<\/td>\r\n<\/tr>\r\n<tr>\r\n<td>2019<\/td>\r\n<td class=\"has-text-align-right\" data-align=\"right\">\u00a0<\/td>\r\n<\/tr>\r\n<tr>\r\n<td>2020<\/td>\r\n<td class=\"has-text-align-right\" data-align=\"right\">54<\/td>\r\n<\/tr>\r\n<tr>\r\n<td>2021<\/td>\r\n<td class=\"has-text-align-right\" data-align=\"right\">55<\/td>\r\n<\/tr>\r\n<tr>\r\n<td>2022<\/td>\r\n<td class=\"has-text-align-right\" data-align=\"right\">\u00a0<\/td>\r\n<\/tr>\r\n<tr>\r\n<td>2023<\/td>\r\n<td class=\"has-text-align-right\" data-align=\"right\">49<\/td>\r\n<\/tr>\r\n<tr>\r\n<td>2024<\/td>\r\n<td class=\"has-text-align-right\" data-align=\"right\">48<\/td>\r\n<\/tr>\r\n<\/tbody>\r\n<\/table>\r\n<figcaption class=\"wp-element-caption\">Ad\u00f3 1%-ot felaj\u00e1nl\u00f3 szem\u00e9lyek sz\u00e1ma<\/figcaption>\r\n<\/figure>\r\n\r\n<p><a href=\"https:\/\/motivacio.hu\/wordpress_G\/wp-content\/uploads\/2024\/01\/2008_evi_ado_1_szazalek_felhasznalasarol_nyomtatvany.pdf\">2008. \u00e9vi ad\u00f3 1 sz\u00e1zal\u00e9k felhaszn\u00e1l\u00e1s\u00e1r\u00f3l nyomtatv\u00e1ny<\/a><\/p>\r\n<p><a href=\"https:\/\/motivacio.hu\/wordpress_G\/wp-content\/uploads\/2024\/01\/2009_evi_ado_1_szazalek_felhasznalasarol_nyomtatvany.pdf\">2009. \u00e9vi ad\u00f3 1 sz\u00e1zal\u00e9k felhaszn\u00e1l\u00e1s\u00e1r\u00f3l nyomtatv\u00e1ny<\/a><\/p>\r\n<p><a href=\"https:\/\/motivacio.hu\/wordpress_G\/wp-content\/uploads\/2024\/01\/2010_evi_ado_1_szazalek_felhasznalasarol_nyomtatvany.pdf\">2010. \u00e9vi ad\u00f3 1 sz\u00e1zal\u00e9k felhaszn\u00e1l\u00e1s\u00e1r\u00f3l nyomtatv\u00e1ny<\/a><\/p>\r\n<p><a href=\"https:\/\/motivacio.hu\/wordpress_G\/wp-content\/uploads\/2024\/01\/2011_evi_ado_1_szazalek_felhasznalasarol_nyomtatvany.pdf\">2011. \u00e9vi ad\u00f3 1 sz\u00e1zal\u00e9k felhaszn\u00e1l\u00e1s\u00e1r\u00f3l nyomtatv\u00e1ny<\/a><\/p>\r\n<p><a href=\"https:\/\/motivacio.hu\/wordpress_G\/wp-content\/uploads\/2024\/01\/2012_evi_ado_1_szazalek_felhasznalasarol_nyomtatvany.pdf\">2012. \u00e9vi ad\u00f3 1 sz\u00e1zal\u00e9k felhaszn\u00e1l\u00e1s\u00e1r\u00f3l nyomtatv\u00e1ny<\/a><\/p>\r\n<p><a href=\"https:\/\/motivacio.hu\/wordpress_G\/wp-content\/uploads\/2024\/01\/2013_evi_ado_1_szazalek_felhasznalasarol_nyomtatvany.pdf\">2013. \u00e9vi ad\u00f3 1 sz\u00e1zal\u00e9k felhaszn\u00e1l\u00e1s\u00e1r\u00f3l nyomtatv\u00e1ny<\/a><\/p>\r\n<p><a href=\"https:\/\/motivacio.hu\/wordpress_G\/wp-content\/uploads\/2024\/01\/2014_evi_ado_1_szazalek_felhasznalasarol_nyomtatvany.pdf\">2014. \u00e9vi ad\u00f3 1 sz\u00e1zal\u00e9k felhaszn\u00e1l\u00e1s\u00e1r\u00f3l nyomtatv\u00e1ny<\/a><\/p>\r\n<p><a href=\"https:\/\/motivacio.hu\/wordpress_G\/wp-content\/uploads\/2024\/01\/2015_evi_ado_1_szazalek_felhasznalasarol_nyomtatvany.pdf\">2015. \u00e9vi ad\u00f3 1 sz\u00e1zal\u00e9k felhaszn\u00e1l\u00e1s\u00e1r\u00f3l nyomtatv\u00e1ny<\/a><\/p>\r\n<p><a href=\"https:\/\/motivacio.hu\/wordpress_G\/wp-content\/uploads\/2024\/01\/2016_evi_ado_1_szazalek_felhasznalasarol_nyomtatvany.pdf\">2016. \u00e9vi ad\u00f3 1 sz\u00e1zal\u00e9k felhaszn\u00e1l\u00e1s\u00e1r\u00f3l nyomtatv\u00e1ny<\/a><\/p>\r\n<p><a href=\"https:\/\/motivacio.hu\/wordpress_G\/wp-content\/uploads\/2024\/01\/2017_evi_ado_1_szazalek_felhasznalasarol_nyomtatvany.pdf\">2017. \u00e9vi ad\u00f3 1 sz\u00e1zal\u00e9k felhaszn\u00e1l\u00e1s\u00e1r\u00f3l nyomtatv\u00e1ny<\/a><\/p>\r\n<p><a href=\"https:\/\/motivacio.hu\/wordpress_G\/wp-content\/uploads\/2024\/01\/2018_evi_ado_1_szazalek_felhasznalasarol_nyomtatvany.pdf\">2018. \u00e9vi ad\u00f3 1 sz\u00e1zal\u00e9k felhaszn\u00e1l\u00e1s\u00e1r\u00f3l nyomtatv\u00e1ny<\/a><\/p>\r\n<p><a href=\"https:\/\/motivacio.hu\/wordpress_G\/wp-content\/uploads\/2024\/01\/2019_evi_ado_1_szazalek_felhasznalasarol_nyomtatvany.pdf\">2019. \u00e9vi ad\u00f3 1 sz\u00e1zal\u00e9k felhaszn\u00e1l\u00e1s\u00e1r\u00f3l nyomtatv\u00e1ny<\/a><\/p>\r\n<p><a href=\"https:\/\/motivacio.hu\/wordpress_G\/wp-content\/uploads\/2024\/01\/2020_evi_ado_1_szazalek_felhasznalasarol_nyomtatvany.pdf\">2020. \u00e9vi ad\u00f3 1 sz\u00e1zal\u00e9k felhaszn\u00e1l\u00e1s\u00e1r\u00f3l nyomtatv\u00e1ny<\/a><\/p>\r\n<p><a href=\"https:\/\/motivacio.hu\/wordpress_G\/wp-content\/uploads\/2024\/01\/2021_evi_ado_1_szazalek_felhasznalasarol_nyomtatvany.pdf\">2021. \u00e9vi ad\u00f3 1 sz\u00e1zal\u00e9k felhaszn\u00e1l\u00e1s\u00e1r\u00f3l nyomtatv\u00e1ny<\/a><\/p>\r\n<p><a href=\"https:\/\/motivacio.hu\/wordpress_G\/wp-content\/uploads\/2025\/01\/22KOZ_19667946141_Motivacio_Alapitvany_440419958395800_395901650125.pdf\">2022. \u00e9vi ad\u00f3 1 sz\u00e1zal\u00e9k felhaszn\u00e1l\u00e1s\u00e1r\u00f3l nyomtatv\u00e1ny<\/a><\/p>\r\n<p><a href=\"https:\/\/motivacio.hu\/wordpress_G\/wp-content\/uploads\/2025\/05\/23KOZ_Motivacio.pdf\">2023. \u00e9vi ad\u00f3 1 sz\u00e1zal\u00e9k felhaszn\u00e1l\u00e1s\u00e1r\u00f3l nyomtatv\u00e1ny<\/a><\/p>\r\n<p><a href=\"https:\/\/motivacio.hu\/wordpress_G\/wp-content\/uploads\/2024\/01\/2011_eves_beszamolo.pdf\">2011. \u00e9ves besz\u00e1mol\u00f3<\/a><\/p>\r\n<p><a href=\"https:\/\/motivacio.hu\/wordpress_G\/wp-content\/uploads\/2024\/01\/2012_eves_beszamolo.pdf\">2012. \u00e9ves besz\u00e1mol\u00f3<\/a><\/p>\r\n<p><a href=\"https:\/\/motivacio.hu\/wordpress_G\/wp-content\/uploads\/2024\/01\/2013_eves_beszamolo.pdf\">2013. \u00e9ves besz\u00e1mol\u00f3<\/a><\/p>\r\n<p><a href=\"https:\/\/motivacio.hu\/wordpress_G\/wp-content\/uploads\/2024\/01\/2014_eves_beszamolo.pdf\">2014. \u00e9ves besz\u00e1mol\u00f3<\/a><\/p>\r\n<p><a href=\"https:\/\/motivacio.hu\/wordpress_G\/wp-content\/uploads\/2024\/01\/2015_eves_beszamolo.pdf\">2015. \u00e9ves besz\u00e1mol\u00f3<\/a><\/p>\r\n<p><a href=\"https:\/\/motivacio.hu\/wordpress_G\/wp-content\/uploads\/2024\/01\/2016_eves_beszamolo.pdf\">2016. \u00e9ves besz\u00e1mol\u00f3<\/a><\/p>\r\n<p><a href=\"https:\/\/motivacio.hu\/wordpress_G\/wp-content\/uploads\/2024\/01\/2017_eves_beszamolo.pdf\">2017. \u00e9ves besz\u00e1mol\u00f3<\/a><\/p>\r\n<p><a href=\"https:\/\/motivacio.hu\/wordpress_G\/wp-content\/uploads\/2024\/01\/2018_eves_beszamolo.pdf\">2018. \u00e9ves besz\u00e1mol\u00f3<\/a><\/p>\r\n<p><a href=\"https:\/\/motivacio.hu\/wordpress_G\/wp-content\/uploads\/2024\/01\/2019_eves_beszamolo.pdf\">2019. \u00e9ves besz\u00e1mol\u00f3<\/a><\/p>\r\n<p><a href=\"https:\/\/motivacio.hu\/wordpress_G\/wp-content\/uploads\/2024\/01\/2020_eves_beszamolo.pdf\">2020. \u00e9ves besz\u00e1mol\u00f3<\/a><\/p>\r\n<p><a href=\"https:\/\/motivacio.hu\/wordpress_G\/wp-content\/uploads\/2024\/01\/2021_eves_beszamolo.pdf\">2021. \u00e9ves besz\u00e1mol\u00f3<\/a><\/p>\r\n<p><a href=\"https:\/\/motivacio.hu\/wordpress_G\/wp-content\/uploads\/2024\/01\/2022_eves_beszamolo.pdf\">2022. \u00e9ves besz\u00e1mol\u00f3<\/a><\/p>\r\n<p><a href=\"https:\/\/motivacio.hu\/wordpress_G\/wp-content\/uploads\/2024\/01\/2022_eves_beszamolo_melleklet.pdf\">2022. \u00e9ves besz\u00e1mol\u00f3 mell\u00e9klet<\/a><\/p>\r\n<p><a href=\"https:\/\/motivacio.hu\/wordpress_G\/wp-content\/uploads\/2025\/01\/OBHGEPI_PK_942_19667946141_Motivacio_Alapitvany_1322518369205200_395901198744.pdf\">2023. \u00e9ves besz\u00e1mol\u00f3<\/a><\/p>\r\n<p><a href=\"https:\/\/motivacio.hu\/wordpress_G\/wp-content\/uploads\/2025\/01\/MOTIVACIO_ALAPITVANY_KIEGESZITO_MELLEKLET_2023.pdf\">2023. \u00e9ves besz\u00e1mol\u00f3 mell\u00e9klet<\/a><\/p>\r\n<p><a href=\"https:\/\/motivacio.hu\/wordpress_G\/wp-content\/uploads\/2025\/05\/OBHGEPI_PK_1042_19667946141_Motivacio_Alapitvany_1236938562312100_427508381856.pdf\">2024. \u00e9ves besz\u00e1mol\u00f3<\/a><\/p>\r\n<p><a href=\"https:\/\/motivacio.hu\/wordpress_G\/wp-content\/uploads\/2025\/05\/MOTIVACIO_ALAPITVANY_KIEGESZITO_MELLEKLET_2024.pdf\">2024. \u00e9ves besz\u00e1mol\u00f3 mell\u00e9klet<\/a><\/p>\r\n<p><a href=\"https:\/\/motivacio.hu\/wordpress_G\/wp-content\/uploads\/2025\/05\/Motivacio_Alapitvany_szakmai_beszamolo_2024.pdf\">2024. \u00e9ves szakmai besz\u00e1mol\u00f3<\/a><\/p>\r\n<!-- \/wp:post-content -->","protected":false},"excerpt":{"rendered":"<p>2008 92 2009 84 2010 79 2011 116 2012 106 2013 86 2014 119 2015 92 2016 104 2017 \u00a0 2018 \u00a0 2019 \u00a0 2020 54 2021 55 2022 \u00a0 2023 49 2024 48 Ad\u00f3 1%-ot felaj\u00e1nl\u00f3 szem\u00e9lyek sz\u00e1ma 2008. \u00e9vi ad\u00f3 1 sz\u00e1zal\u00e9k felhaszn\u00e1l\u00e1s\u00e1r\u00f3l nyomtatv\u00e1ny 2009. \u00e9vi ad\u00f3 1 sz\u00e1zal\u00e9k felhaszn\u00e1l\u00e1s\u00e1r\u00f3l nyomtatv\u00e1ny 2010. \u00e9vi [&hellip;]<\/p>\n","protected":false},"author":1,"featured_media":0,"parent":0,"menu_order":0,"comment_status":"closed","ping_status":"closed","template":"","meta":{"footnotes":""},"class_list":["post-59","page","type-page","status-publish","hentry"],"_links":{"self":[{"href":"https:\/\/motivacio.hu\/wordpress_G\/wp-json\/wp\/v2\/pages\/59","targetHints":{"allow":["GET"]}}],"collection":[{"href":"https:\/\/motivacio.hu\/wordpress_G\/wp-json\/wp\/v2\/pages"}],"about":[{"href":"https:\/\/motivacio.hu\/wordpress_G\/wp-json\/wp\/v2\/types\/page"}],"author":[{"embeddable":true,"href":"https:\/\/motivacio.hu\/wordpress_G\/wp-json\/wp\/v2\/users\/1"}],"replies":[{"embeddable":true,"href":"https:\/\/motivacio.hu\/wordpress_G\/wp-json\/wp\/v2\/comments?post=59"}],"version-history":[{"count":15,"href":"https:\/\/motivacio.hu\/wordpress_G\/wp-json\/wp\/v2\/pages\/59\/revisions"}],"predecessor-version":[{"id":616,"href":"https:\/\/motivacio.hu\/wordpress_G\/wp-json\/wp\/v2\/pages\/59\/revisions\/616"}],"wp:attachment":[{"href":"https:\/\/motivacio.hu\/wordpress_G\/wp-json\/wp\/v2\/media?parent=59"}],"curies":[{"name":"wp","href":"https:\/\/api.w.org\/{rel}","templated":true}]}}