{"id":32,"date":"2022-02-23T11:51:59","date_gmt":"2022-02-23T11:51:59","guid":{"rendered":"http:\/\/192.168.0.28\/?page_id=32"},"modified":"2022-02-23T11:51:59","modified_gmt":"2022-02-23T11:51:59","slug":"szemelyi-segites-es-szallitas","status":"publish","type":"page","link":"https:\/\/motivacio.hu\/wordpress_G\/szemelyi-segites-es-szallitas\/","title":{"rendered":"Szem\u00e9lyi seg\u00edt\u00e9s \u00e9s sz\u00e1ll\u00edt\u00e1s"},"content":{"rendered":"\n<p><strong>Szem\u00e9lyi seg\u00edt\u0151 szolg\u00e1lat<\/strong><\/p>\n\n\n\n<ul class=\"wp-block-list\"><li>A <strong>bek\u00f6vetkezett funkci\u00f3k\u00e9pess\u00e9g-cs\u00f6kken\u00e9s \u00e1ltal \u00e9rintett tev\u00e9kenys\u00e9g t\u00e1mogat\u00e1sa<\/strong><\/li><li><strong>A tev\u00e9kenys\u00e9gek<\/strong> list\u00e1ja minden esetben <strong>az egy\u00e9ni sz\u00fcks\u00e9gletekhez igazodik<\/strong> (r\u00e9szletes felsorol\u00e1s a <a href=\"http:\/\/wordpress.motivacio.hu\/wordpress\/szemelyi-segites-soran-alkalmazott-dokumentumok\/\" target=\"_blank\" rel=\"noreferrer noopener\">Tev\u00e9kenys\u00e9gi k\u00f3dok<\/a>-ban)<\/li><li><strong>Szem\u00e9lyi seg\u00edt\u0151<\/strong>ink olyan <strong>gyakorlatorient\u00e1lt szakember<\/strong>ek, akik:<ul><li><strong>Szakir\u00e1ny\u00fa v\u00e9gzetts\u00e9ggel, speci\u00e1lis k\u00e9pzetts\u00e9g<\/strong>gel \u00e9s <strong>t\u00f6bb \u00e9ves tapasztalat<\/strong>tal rendelkeznek<\/li><li><strong>Elfogadj\u00e1k a m\u00e1ss\u00e1got<\/strong><\/li><li><strong>Tiszteletben tartj\u00e1k az emberi m\u00e9lt\u00f3s\u00e1got<\/strong><\/li><li><strong>Rendelkeznek<\/strong> a megfelel\u0151 <strong>\u00f6nismerettel<\/strong> \u00e9s <strong>emp\u00e1ti\u00e1s k\u00e9szs\u00e9ggel<\/strong><\/li><li><strong>A<\/strong> seg\u00edt\u0151 <strong>szakma etikai szab\u00e1lyait ismerik<\/strong>, alkalmazz\u00e1k \u00e9s <strong>b\u00fcntetlen el\u0151\u00e9let\u0171ek<\/strong><\/li><li>Az <strong>\u00fcgyf\u00e9llel egy\u00fcttm\u0171k\u00f6d\u00e9sben val\u00f3s\u00edtj\u00e1k meg a feladatokat, betartj\u00e1k kompetenciahat\u00e1raikat<\/strong><\/li><\/ul><\/li><\/ul>\n\n\n\n<p><strong>Sz\u00e1ll\u00edt\u00f3 szolg\u00e1lat<\/strong><\/p>\n\n\n\n<ul class=\"wp-block-list\"><li><strong>Speci\u00e1lis<\/strong>an kialak\u00edtott <strong>g\u00e9pj\u00e1rm\u0171<\/strong>vel (<strong>r\u00e1mpa<\/strong>, 4+3 pontos <strong>biztons\u00e1gi r\u00f6gz\u00edt\u00e9s<\/strong>),<\/li><li><strong>Sz\u00fcks\u00e9g eset\u00e9n kerekessz\u00e9k<\/strong>et \u00e9s <strong>seg\u00edt\u0151<\/strong>t biztos\u00edtunk<\/li><li><strong>G\u00e9pj\u00e1rm\u0171vezet\u0151<\/strong>ink <strong>szakir\u00e1ny\u00fa v\u00e9gzetts\u00e9g<\/strong>gel rendelkeznek, <strong>speci\u00e1lis k\u00e9pzetts\u00e9g<\/strong>gel, \u00e9s <strong>t\u00f6bb \u00e9ves gyakorlat<\/strong>tal v\u00e9gzik munk\u00e1jukat.<\/li><\/ul>\n\n\n\n<p><strong>Inform\u00e1ci\u00f3ny\u00fajt\u00e1s \u00e9s tan\u00e1csad\u00e1s<\/strong><\/p>\n\n\n\n<ul class=\"wp-block-list\"><li><strong>Ig\u00e9nybe vehet\u0151 t\u00e1mogat\u00e1sok, szolg\u00e1ltat\u00e1sok l\u00e9te, tartalma, hozz\u00e1jut\u00e1s m\u00f3dja, felt\u00e9telei<\/strong><\/li><\/ul>\n","protected":false},"excerpt":{"rendered":"<p>Szem\u00e9lyi seg\u00edt\u0151 szolg\u00e1lat A bek\u00f6vetkezett funkci\u00f3k\u00e9pess\u00e9g-cs\u00f6kken\u00e9s \u00e1ltal \u00e9rintett tev\u00e9kenys\u00e9g t\u00e1mogat\u00e1sa A tev\u00e9kenys\u00e9gek list\u00e1ja minden esetben az egy\u00e9ni sz\u00fcks\u00e9gletekhez igazodik (r\u00e9szletes felsorol\u00e1s a Tev\u00e9kenys\u00e9gi k\u00f3dok-ban) Szem\u00e9lyi seg\u00edt\u0151ink olyan gyakorlatorient\u00e1lt szakemberek, akik: Szakir\u00e1ny\u00fa v\u00e9gzetts\u00e9ggel, speci\u00e1lis k\u00e9pzetts\u00e9ggel \u00e9s t\u00f6bb \u00e9ves tapasztalattal rendelkeznek Elfogadj\u00e1k a m\u00e1ss\u00e1got Tiszteletben tartj\u00e1k az emberi m\u00e9lt\u00f3s\u00e1got Rendelkeznek a megfelel\u0151 \u00f6nismerettel \u00e9s emp\u00e1ti\u00e1s k\u00e9szs\u00e9ggel A [&hellip;]<\/p>\n","protected":false},"author":1,"featured_media":0,"parent":0,"menu_order":0,"comment_status":"closed","ping_status":"closed","template":"","meta":{"footnotes":""},"class_list":["post-32","page","type-page","status-publish","hentry"],"_links":{"self":[{"href":"https:\/\/motivacio.hu\/wordpress_G\/wp-json\/wp\/v2\/pages\/32","targetHints":{"allow":["GET"]}}],"collection":[{"href":"https:\/\/motivacio.hu\/wordpress_G\/wp-json\/wp\/v2\/pages"}],"about":[{"href":"https:\/\/motivacio.hu\/wordpress_G\/wp-json\/wp\/v2\/types\/page"}],"author":[{"embeddable":true,"href":"https:\/\/motivacio.hu\/wordpress_G\/wp-json\/wp\/v2\/users\/1"}],"replies":[{"embeddable":true,"href":"https:\/\/motivacio.hu\/wordpress_G\/wp-json\/wp\/v2\/comments?post=32"}],"version-history":[{"count":0,"href":"https:\/\/motivacio.hu\/wordpress_G\/wp-json\/wp\/v2\/pages\/32\/revisions"}],"wp:attachment":[{"href":"https:\/\/motivacio.hu\/wordpress_G\/wp-json\/wp\/v2\/media?parent=32"}],"curies":[{"name":"wp","href":"https:\/\/api.w.org\/{rel}","templated":true}]}}