{"id":300,"date":"2022-06-30T08:06:54","date_gmt":"2022-06-30T08:06:54","guid":{"rendered":"http:\/\/wordpress.motivacio.hu\/wordpress\/?page_id=300"},"modified":"2022-06-30T08:06:54","modified_gmt":"2022-06-30T08:06:54","slug":"kapcsolat","status":"publish","type":"page","link":"https:\/\/motivacio.hu\/wordpress_G\/kapcsolat\/","title":{"rendered":"Kapcsolat"},"content":{"rendered":"\n<p>C\u00edm\u00fcnk: 1055 Budapest, Honv\u00e9d utca 22.<\/p>\n\n\n\n<p>(Bej\u00e1rat a Mark\u00f3 utca fel\u0151l)<\/p>\n\n\n\n<pre class=\"wp-block-code\"><code><iframe src=\"https:\/\/www.google.com\/maps\/embed?pb=!1m18!1m12!1m3!1d2695.032515548059!2d19.047261615627058!3d47.5087579791783!2m3!1f0!2f0!3f0!3m2!1i1024!2i768!4f13.1!3m3!1m2!1s0x4741dc11e145fa1b%3A0x1ab51dc847433fbb!2sBudapest%2C%20Honv%C3%A9d%20u.%2022%2C%201055!5e0!3m2!1shu!2shu!4v1656576701036!5m2!1shu!2shu\" width=\"600\" height=\"450\" style=\"border:0;\" allowfullscreen=\"\" loading=\"lazy\" referrerpolicy=\"no-referrer-when-downgrade\"><\/iframe><\/code><\/pre>\n\n\n\n<p>Telefonsz\u00e1munk: +36 1&nbsp;317 &#8211; 4417<\/p>\n\n\n\n<p>Email c\u00edm\u00fcnk: motivacio@motivacio.hu<\/p>\n\n\n\n<p>Email c\u00edm\u00fcnk munka\u00fcgyben: munkakozvetito@motivacio.hu<\/p>\n\n\n\n<p>Facebook oldalunk: <a href=\"http:\/\/www.facebook.com\/motivacio\" target=\"_blank\" rel=\"noreferrer noopener\">www.facebook.com\/motivacio<\/a><\/p>\n\n\n\n<p>Ad\u00f3sz\u00e1munk: 19667946-1-41<\/p>\n\n\n\n<p>Banksz\u00e1mlasz\u00e1munk: 10300002-20213716-00003285<\/p>\n","protected":false},"excerpt":{"rendered":"<p>C\u00edm\u00fcnk: 1055 Budapest, Honv\u00e9d utca 22. (Bej\u00e1rat a Mark\u00f3 utca fel\u0151l) Telefonsz\u00e1munk: +36 1&nbsp;317 &#8211; 4417 Email c\u00edm\u00fcnk: motivacio@motivacio.hu Email c\u00edm\u00fcnk munka\u00fcgyben: munkakozvetito@motivacio.hu Facebook oldalunk: www.facebook.com\/motivacio Ad\u00f3sz\u00e1munk: 19667946-1-41 Banksz\u00e1mlasz\u00e1munk: 10300002-20213716-00003285<\/p>\n","protected":false},"author":1,"featured_media":0,"parent":0,"menu_order":0,"comment_status":"closed","ping_status":"closed","template":"","meta":{"footnotes":""},"class_list":["post-300","page","type-page","status-publish","hentry"],"_links":{"self":[{"href":"https:\/\/motivacio.hu\/wordpress_G\/wp-json\/wp\/v2\/pages\/300","targetHints":{"allow":["GET"]}}],"collection":[{"href":"https:\/\/motivacio.hu\/wordpress_G\/wp-json\/wp\/v2\/pages"}],"about":[{"href":"https:\/\/motivacio.hu\/wordpress_G\/wp-json\/wp\/v2\/types\/page"}],"author":[{"embeddable":true,"href":"https:\/\/motivacio.hu\/wordpress_G\/wp-json\/wp\/v2\/users\/1"}],"replies":[{"embeddable":true,"href":"https:\/\/motivacio.hu\/wordpress_G\/wp-json\/wp\/v2\/comments?post=300"}],"version-history":[{"count":0,"href":"https:\/\/motivacio.hu\/wordpress_G\/wp-json\/wp\/v2\/pages\/300\/revisions"}],"wp:attachment":[{"href":"https:\/\/motivacio.hu\/wordpress_G\/wp-json\/wp\/v2\/media?parent=300"}],"curies":[{"name":"wp","href":"https:\/\/api.w.org\/{rel}","templated":true}]}}