{"id":282,"date":"2022-06-28T11:12:42","date_gmt":"2022-06-28T11:12:42","guid":{"rendered":"http:\/\/wordpress.motivacio.hu\/wordpress\/?page_id=282"},"modified":"2022-06-28T11:12:42","modified_gmt":"2022-06-28T11:12:42","slug":"hirek","status":"publish","type":"page","link":"https:\/\/motivacio.hu\/wordpress_G\/hirek\/","title":{"rendered":"H\u00edrek"},"content":{"rendered":"<ul class=\"wp-block-latest-posts__list wp-block-latest-posts\"><li><a class=\"wp-block-latest-posts__post-title\" href=\"https:\/\/motivacio.hu\/wordpress_G\/egymasra-lepni-tilos-alkotoi-palyazat\/\">Egym\u00e1sra l\u00e9pni tilos! alkot\u00f3i p\u00e1ly\u00e1zat<\/a><\/li>\n<li><a class=\"wp-block-latest-posts__post-title\" href=\"https:\/\/motivacio.hu\/wordpress_G\/meghivo-kuratoriumi-ertekezletre\/\">Megh\u00edv\u00f3 kurat\u00f3riumi \u00e9rtekezletre<\/a><\/li>\n<li><a class=\"wp-block-latest-posts__post-title\" href=\"https:\/\/motivacio.hu\/wordpress_G\/hatranybol-elonyt\/\">H\u00e1tr\u00e1nyb\u00f3l el\u0151nyt 2024.<\/a><\/li>\n<li><a class=\"wp-block-latest-posts__post-title\" href=\"https:\/\/motivacio.hu\/wordpress_G\/felhivas\/\">Felh\u00edv\u00e1s<\/a><\/li>\n<li><a class=\"wp-block-latest-posts__post-title\" href=\"https:\/\/motivacio.hu\/wordpress_G\/az-ev-faja-2023\/\">Az \u00e9v f\u00e1ja 2023.<\/a><\/li>\n<\/ul>","protected":false},"excerpt":{"rendered":"","protected":false},"author":1,"featured_media":0,"parent":0,"menu_order":0,"comment_status":"closed","ping_status":"closed","template":"","meta":{"footnotes":""},"class_list":["post-282","page","type-page","status-publish","hentry"],"_links":{"self":[{"href":"https:\/\/motivacio.hu\/wordpress_G\/wp-json\/wp\/v2\/pages\/282","targetHints":{"allow":["GET"]}}],"collection":[{"href":"https:\/\/motivacio.hu\/wordpress_G\/wp-json\/wp\/v2\/pages"}],"about":[{"href":"https:\/\/motivacio.hu\/wordpress_G\/wp-json\/wp\/v2\/types\/page"}],"author":[{"embeddable":true,"href":"https:\/\/motivacio.hu\/wordpress_G\/wp-json\/wp\/v2\/users\/1"}],"replies":[{"embeddable":true,"href":"https:\/\/motivacio.hu\/wordpress_G\/wp-json\/wp\/v2\/comments?post=282"}],"version-history":[{"count":0,"href":"https:\/\/motivacio.hu\/wordpress_G\/wp-json\/wp\/v2\/pages\/282\/revisions"}],"wp:attachment":[{"href":"https:\/\/motivacio.hu\/wordpress_G\/wp-json\/wp\/v2\/media?parent=282"}],"curies":[{"name":"wp","href":"https:\/\/api.w.org\/{rel}","templated":true}]}}