{"id":266,"date":"2022-06-20T09:35:20","date_gmt":"2022-06-20T09:35:20","guid":{"rendered":"http:\/\/wordpress.motivacio.hu\/wordpress\/?page_id=266"},"modified":"2025-09-23T11:03:12","modified_gmt":"2025-09-23T10:03:12","slug":"letoltheto-kiadvanyok","status":"publish","type":"page","link":"https:\/\/motivacio.hu\/wordpress_G\/letoltheto-kiadvanyok\/","title":{"rendered":"Let\u00f6lthet\u0151 kiadv\u00e1nyok"},"content":{"rendered":"\r\n<div><a href=\"https:\/\/motivacio.hu\/wordpress_G\/wp-content\/uploads\/2025\/09\/Incorpora_kiadvany_web.pdf\">Hogyan lehet egy c\u00e9g egyszerre sikeres \u00e9s befogad\u00f3?<\/a><\/div>\r\n<div><a href=\"https:\/\/motivacio.hu\/wordpress_G\/wp-content\/uploads\/2024\/01\/Elo_munkahely_1__kotet.pdf\">\u00c9l\u0151 munkahely \u2013 1. k\u00f6tet<\/a><\/div>\r\n<div><a href=\"https:\/\/motivacio.hu\/wordpress_G\/wp-content\/uploads\/2024\/01\/Elo_munkahely_2__kotet.pdf\">\u00c9l\u0151 munkahely \u2013 2. k\u00f6tet<\/a><\/div>\r\n<div><a href=\"https:\/\/motivacio.hu\/wordpress_G\/wp-content\/uploads\/2024\/01\/Jo_gyakorlatok_osszehasonlitasa_az_olasz_es_a_magyar_munkaeropiaci_szolgaltatasokban.pdf\">J\u00f3 gyakorlatok \u00f6sszehasonl\u00edt\u00e1sa az olasz \u00e9s a magyar munkaer\u0151piaci szolg\u00e1ltat\u00e1sokban<\/a><\/div>\r\n<div><a href=\"https:\/\/motivacio.hu\/wordpress_G\/wp-content\/uploads\/2024\/01\/Mentoralas-treningek_az_EQUAL_E022-es_programban.pdf\">Mentor\u00e1l\u00e1s-tr\u00e9ningek az EQUAL\/E022-es programban<\/a><\/div>\r\n<div><a href=\"https:\/\/motivacio.hu\/wordpress_G\/wp-content\/uploads\/2024\/01\/Osszehasonlito_tanulmany_a_fogyatekos_embereket_erinto_cseh-magyar_szocialis_es_foglalkoztatasi_szabalyzatrol.pdf\">\u00d6sszehasonl\u00edt\u00f3 tanulm\u00e1ny a fogyat\u00e9kos embereket \u00e9rint\u0151 cseh-magyar szoci\u00e1lis \u00e9s foglalkoztat\u00e1si szab\u00e1lyzatr\u00f3l<\/a><\/div>\r\n<div><a href=\"https:\/\/motivacio.hu\/wordpress_G\/wp-content\/uploads\/2024\/01\/Diszkriminaciomentes_foglalkoztatas_felkeszitett_szereplokkel.pdf\">\u201eDiszkrimin\u00e1ci\u00f3mentes foglalkoztat\u00e1s, felk\u00e9sz\u00edtett szerepl\u0151kkel\u201d<\/a><\/div>\r\n<div><a href=\"https:\/\/motivacio.hu\/wordpress_G\/wp-content\/uploads\/2024\/01\/Fogyatekos_emberek_turisztikai_szokasai_es_igenyei_vezetoi_osszefoglalo.doc\">Fogyat\u00e9kos emberek turisztikai szok\u00e1sai \u00e9s ig\u00e9nyei vezet\u0151i \u00f6sszefoglal\u00f3<\/a><\/div>\r\n<div><a href=\"https:\/\/motivacio.hu\/wordpress_G\/wp-content\/uploads\/2024\/01\/Fovarosi_Szocialis_Kalauz_1997.zip\">F\u0151v\u00e1rosi Szoci\u00e1lis Kalauz 1997<\/a><\/div>\r\n<div><a href=\"https:\/\/motivacio.hu\/wordpress_G\/wp-content\/uploads\/2024\/01\/Hogyan_segitsuk_serult_embertarsainkat.pdf\">Hogyan seg\u00edts\u00fck s\u00e9r\u00fclt embert\u00e1rsainkat?<\/a><\/div>\r\n<div><a href=\"https:\/\/motivacio.hu\/wordpress_G\/wp-content\/uploads\/2024\/01\/OFA_\u2013_KM_zarotanulmany.pdf\">OFA \u2013 KM z\u00e1r\u00f3tanulm\u00e1ny<\/a><\/div>\r\n<div><a href=\"https:\/\/motivacio.hu\/wordpress_G\/wp-content\/uploads\/2024\/01\/Akadalymentesen_epitett_kornyezet_\u2013_Ajanlatok_kereskedelmi_egysegek_bejaratanak_es_belso_tereinek_kialakitasahoz.pdf\">Akad\u00e1lymentesen \u00e9p\u00edtett k\u00f6rnyezet \u2013 Aj\u00e1nlatok kereskedelmi egys\u00e9gek bej\u00e1rat\u00e1nak \u00e9s bels\u0151 tereinek kialak\u00edt\u00e1s\u00e1hoz<\/a><\/div>\r\n<div><a href=\"https:\/\/motivacio.hu\/wordpress_G\/wp-content\/uploads\/2024\/01\/Megvaltozott_munkakepessegu_emberek_foglalkoztatasahoz_szukseges_munkaadaptacios_tevekenysegi_rendszer_kidolgozasa.pdf\">Megv\u00e1ltozott munkak\u00e9pess\u00e9g\u0171 emberek foglalkoztat\u00e1s\u00e1hoz sz\u00fcks\u00e9ges munkaadapt\u00e1ci\u00f3s tev\u00e9kenys\u00e9gi rendszer kidolgoz\u00e1sa<\/a><\/div>\r\n<div><a href=\"https:\/\/motivacio.hu\/wordpress_G\/wp-content\/uploads\/2024\/01\/Megvaltozott_munkakepessegu_emberek_foglalkoztatasahoz_szukseges_a_foglalkoztatasi_rehabilitacio_erdekeben_uj_erdekeltsegi_rendszer_kidolgozasa.pdf\">Megv\u00e1ltozott munkak\u00e9pess\u00e9g\u0171 emberek foglalkoztat\u00e1s\u00e1hoz sz\u00fcks\u00e9ges a foglalkoztat\u00e1si rehabilit\u00e1ci\u00f3 \u00e9rdek\u00e9ben \u00faj \u00e9rdekelts\u00e9gi rendszer kidolgoz\u00e1sa els\u0151sorban a c\u00e9lv\u00e1llalati tev\u00e9kenys\u00e9ghez kapcsol\u00f3d\u00f3an<\/a><\/div>\r\n<div><a href=\"https:\/\/motivacio.hu\/wordpress_G\/wp-content\/uploads\/2024\/01\/A_megvaltozott_munkakepessegu_munkavallalokat_foglalkoztato_akkreditalt_szervezetek_vizsgalata.pdf\">A megv\u00e1ltozott munkak\u00e9pess\u00e9g\u0171 munkav\u00e1llal\u00f3kat foglalkoztat\u00f3 akkredit\u00e1lt szervezetek vizsg\u00e1lata, avagy \u201eHa valaki fogyat\u00e9kos Magyarorsz\u00e1gon, azt el kell dugni?\u201d<\/a><\/div>\r\n<div><a href=\"https:\/\/motivacio.hu\/wordpress_G\/wp-content\/uploads\/2024\/01\/Koszta_Erzsebet_Lektori_velemeny.pdf\">Koszta Erzs\u00e9bet: Lektori v\u00e9lem\u00e9ny<\/a><\/div>\r\n<div><a href=\"https:\/\/motivacio.hu\/wordpress_G\/wp-content\/uploads\/2024\/01\/Munkaadoi_fokuszcsoportos_interju_Pecs.pdf\">Munkaad\u00f3i f\u00f3kuszcsoportos interj\u00fa, P\u00e9cs<\/a><\/div>\r\n<div><a href=\"https:\/\/motivacio.hu\/wordpress_G\/wp-content\/uploads\/2024\/01\/Munkaadoi_fokuszcsoportos_interju_Budapest.pdf\">Munkaad\u00f3i f\u00f3kuszcsoportos interj\u00fa, Budapest<\/a><\/div>\r\n<div><a href=\"https:\/\/motivacio.hu\/wordpress_G\/wp-content\/uploads\/2024\/01\/Munkaadoi_fokuszcsoportos_interju_Nyiregyhaza.pdf\">Munkaad\u00f3i f\u00f3kuszcsoportos interj\u00fa, Ny\u00edregyh\u00e1za<\/a><\/div>\r\n<div><a href=\"https:\/\/motivacio.hu\/wordpress_G\/wp-content\/uploads\/2024\/01\/Tarsadalmi_valtozas.pdf\">T\u00e1rsadalmi v\u00e1ltoz\u00e1s = Es\u00e9ly \u2013 Munkaad\u00f3i f\u00f3kuszcsoportok interj\u00fav\u00e1zlata<\/a><\/div>\r\n<div><a href=\"https:\/\/motivacio.hu\/wordpress_G\/wp-content\/uploads\/2024\/01\/A_megvaltozott_munkakepessegu_es_fogyatekossaggal_elo_emberek_vizsgalata_\u2013_Szakmai_program.pdf\">A megv\u00e1ltozott munkak\u00e9pess\u00e9g\u0171 \u00e9s fogyat\u00e9koss\u00e1ggal \u00e9l\u0151 emberek vizsg\u00e1lata \u2013 Szakmai program<\/a><\/div>\r\n<div><a href=\"https:\/\/motivacio.hu\/wordpress_G\/wp-content\/uploads\/2024\/01\/A_megvaltozott_munkakepessegu_es_fogyatekossaggal_elo_emberek_vizsgalata_\u2013_Szakmai_program.pdf\">A megv\u00e1ltozott munkak\u00e9pess\u00e9g\u0171 \u00e9s fogyat\u00e9koss\u00e1ggal \u00e9l\u0151 emberek vizsg\u00e1lata \u2013 Szakmai program<\/a><\/div>\r\n<div><a href=\"https:\/\/motivacio.hu\/wordpress_G\/wp-content\/uploads\/2024\/01\/EQUAL_kutatasi_beszamolo_Budapest.ppt\">EQUAL kutat\u00e1si besz\u00e1mol\u00f3, Budapest<\/a><\/div>\r\n<div><a href=\"https:\/\/motivacio.hu\/wordpress_G\/wp-content\/uploads\/2024\/01\/EQUAL_kutatasi_beszamolo_Balatonkenese.ppt\">EQUAL kutat\u00e1si besz\u00e1mol\u00f3, Balatonkenese<\/a><\/div>\r\n<div><a href=\"https:\/\/motivacio.hu\/wordpress_G\/wp-content\/uploads\/2024\/01\/Szolgaltatoi_terkep.ppt\">Szolg\u00e1ltat\u00f3i t\u00e9rk\u00e9p<\/a><\/div>\r\n<div><a href=\"https:\/\/motivacio.hu\/wordpress_G\/wp-content\/uploads\/2024\/01\/A_fogyatekos_es_megvaltozott_munkakepessegu_emberek_munkaeletutjanak_valamint_jovobeni_kepzesi_es_munkavallalashoz_kotodo_terveinek_feltarasa.pdf\">A fogyat\u00e9kos \u00e9s megv\u00e1ltozott munkak\u00e9pess\u00e9g\u0171 emberek munka\u00e9let\u00fatj\u00e1nak, valamint j\u00f6v\u0151beni k\u00e9pz\u00e9si \u00e9s munkav\u00e1llal\u00e1shoz k\u00f6t\u0151d\u0151 terveinek felt\u00e1r\u00e1sa<\/a><\/div>\r\n<div><a href=\"https:\/\/motivacio.hu\/wordpress_G\/wp-content\/uploads\/2024\/01\/A_foglalkozasi_rehabilitacio_komplex_szolgaltatasi_folyamata_a_hazai_gyakorlatban.pdf\">A foglalkoz\u00e1si rehabilit\u00e1ci\u00f3 komplex szolg\u00e1ltat\u00e1si folyamata a hazai gyakorlatban<\/a><\/div>\r\n<div><a href=\"https:\/\/motivacio.hu\/wordpress_G\/wp-content\/uploads\/2024\/01\/Fokuszcsoportos_interju_resztvevo_szakertok_listaja_Balatonkenese.pdf\">F\u00f3kuszcsoportos interj\u00fa, r\u00e9sztvev\u0151 szak\u00e9rt\u0151k list\u00e1ja, Balatonkenese<\/a><\/div>\r\n<div><a href=\"https:\/\/motivacio.hu\/wordpress_G\/wp-content\/uploads\/2024\/01\/A_szolgaltatasi_folyamat_specialis_elemei_Balatonkenese_2008.03.06.pdf\">A szolg\u00e1ltat\u00e1si folyamat speci\u00e1lis elemei, Balatonkenese 2008.03.06.<\/a><\/div>\r\n<div><a href=\"https:\/\/motivacio.hu\/wordpress_G\/wp-content\/uploads\/2024\/01\/A_szolgaltatasi_folyamat_specialis_elemei_Balatonkenese_2008.03.07.pdf\">A szolg\u00e1ltat\u00e1si folyamat speci\u00e1lis elemei, Balatonkenese 2008.03.07.<\/a><\/div>\r\n<div><a href=\"https:\/\/motivacio.hu\/wordpress_G\/wp-content\/uploads\/2024\/01\/A_szolgaltatasi_folyamat_specialis_elemei_Budapest.pdf\">A szolg\u00e1ltat\u00e1si folyamat speci\u00e1lis elemei, Budapest<\/a><\/div>\r\n<div><a href=\"https:\/\/motivacio.hu\/wordpress_G\/wp-content\/uploads\/2024\/01\/A_megvaltozott_munkakepessegu_emberek_munkaero-piaci_reintegraciojat_elosegito_szolgaltatasok_specialis_elemei.pdf\">A megv\u00e1ltozott munkak\u00e9pess\u00e9g\u0171 emberek munkaer\u0151-piaci (re)integr\u00e1ci\u00f3j\u00e1t el\u0151seg\u00edt\u0151 szolg\u00e1ltat\u00e1sok speci\u00e1lis elemei<\/a><\/div>\r\n\r\n\r\n\r\n<div><a href=\"https:\/\/motivacio.hu\/wordpress_G\/wp-content\/uploads\/2024\/01\/Nagy_Geza_Lektori_velemeny.pdf\">Nagy G\u00e9za: Lektori v\u00e9lem\u00e9ny<\/a><\/div>\r\n<div><a href=\"https:\/\/motivacio.hu\/wordpress_G\/wp-content\/uploads\/2024\/01\/Valts_teret_FSZK_41321_158_szamu_program.pdf\">V\u00e1lts teret! FSZK 41321\/158 sz\u00e1m\u00fa program<\/a><\/div>\r\n","protected":false},"excerpt":{"rendered":"","protected":false},"author":1,"featured_media":0,"parent":0,"menu_order":0,"comment_status":"closed","ping_status":"closed","template":"","meta":{"footnotes":""},"class_list":["post-266","page","type-page","status-publish","hentry"],"_links":{"self":[{"href":"https:\/\/motivacio.hu\/wordpress_G\/wp-json\/wp\/v2\/pages\/266","targetHints":{"allow":["GET"]}}],"collection":[{"href":"https:\/\/motivacio.hu\/wordpress_G\/wp-json\/wp\/v2\/pages"}],"about":[{"href":"https:\/\/motivacio.hu\/wordpress_G\/wp-json\/wp\/v2\/types\/page"}],"author":[{"embeddable":true,"href":"https:\/\/motivacio.hu\/wordpress_G\/wp-json\/wp\/v2\/users\/1"}],"replies":[{"embeddable":true,"href":"https:\/\/motivacio.hu\/wordpress_G\/wp-json\/wp\/v2\/comments?post=266"}],"version-history":[{"count":6,"href":"https:\/\/motivacio.hu\/wordpress_G\/wp-json\/wp\/v2\/pages\/266\/revisions"}],"predecessor-version":[{"id":625,"href":"https:\/\/motivacio.hu\/wordpress_G\/wp-json\/wp\/v2\/pages\/266\/revisions\/625"}],"wp:attachment":[{"href":"https:\/\/motivacio.hu\/wordpress_G\/wp-json\/wp\/v2\/media?parent=266"}],"curies":[{"name":"wp","href":"https:\/\/api.w.org\/{rel}","templated":true}]}}