{"id":221,"date":"2022-06-20T08:17:50","date_gmt":"2022-06-20T08:17:50","guid":{"rendered":"http:\/\/wordpress.motivacio.hu\/wordpress\/?page_id=221"},"modified":"2024-01-16T09:01:37","modified_gmt":"2024-01-16T09:01:37","slug":"engedelyek","status":"publish","type":"page","link":"https:\/\/motivacio.hu\/wordpress_G\/engedelyek\/","title":{"rendered":"Enged\u00e9lyek"},"content":{"rendered":"<p><a href=\"https:\/\/motivacio.hu\/wordpress_G\/wp-content\/uploads\/2024\/01\/Alapito_okirat_hatalyos.pdf\">Hat\u00e1lyos alap\u00edt\u00f3 okirat<\/a><\/p>\n<p><a href=\"https:\/\/motivacio.hu\/wordpress_G\/wp-content\/uploads\/2024\/01\/Kozhasznusagi_vegzes.pdf\">K\u00f6zhaszn\u00fas\u00e1gi v\u00e9gz\u00e9s<\/a><\/p>\n<p><a href=\"https:\/\/motivacio.hu\/wordpress_G\/wp-content\/uploads\/2024\/01\/Rehabilitacios_Akkreditacios_Tanusitvany.pdf\">Rehabilit\u00e1ci\u00f3s Akkredit\u00e1ci\u00f3s Tan\u00fas\u00edtv\u00e1ny<\/a><\/p>\n","protected":false},"excerpt":{"rendered":"<p>Hat\u00e1lyos alap\u00edt\u00f3 okirat K\u00f6zhaszn\u00fas\u00e1gi v\u00e9gz\u00e9s Rehabilit\u00e1ci\u00f3s Akkredit\u00e1ci\u00f3s Tan\u00fas\u00edtv\u00e1ny<\/p>\n","protected":false},"author":1,"featured_media":0,"parent":0,"menu_order":0,"comment_status":"closed","ping_status":"closed","template":"","meta":{"footnotes":""},"class_list":["post-221","page","type-page","status-publish","hentry"],"_links":{"self":[{"href":"https:\/\/motivacio.hu\/wordpress_G\/wp-json\/wp\/v2\/pages\/221","targetHints":{"allow":["GET"]}}],"collection":[{"href":"https:\/\/motivacio.hu\/wordpress_G\/wp-json\/wp\/v2\/pages"}],"about":[{"href":"https:\/\/motivacio.hu\/wordpress_G\/wp-json\/wp\/v2\/types\/page"}],"author":[{"embeddable":true,"href":"https:\/\/motivacio.hu\/wordpress_G\/wp-json\/wp\/v2\/users\/1"}],"replies":[{"embeddable":true,"href":"https:\/\/motivacio.hu\/wordpress_G\/wp-json\/wp\/v2\/comments?post=221"}],"version-history":[{"count":3,"href":"https:\/\/motivacio.hu\/wordpress_G\/wp-json\/wp\/v2\/pages\/221\/revisions"}],"predecessor-version":[{"id":501,"href":"https:\/\/motivacio.hu\/wordpress_G\/wp-json\/wp\/v2\/pages\/221\/revisions\/501"}],"wp:attachment":[{"href":"https:\/\/motivacio.hu\/wordpress_G\/wp-json\/wp\/v2\/media?parent=221"}],"curies":[{"name":"wp","href":"https:\/\/api.w.org\/{rel}","templated":true}]}}