{"id":22,"date":"2022-02-23T11:39:24","date_gmt":"2022-02-23T11:39:24","guid":{"rendered":"http:\/\/192.168.0.28\/?page_id=22"},"modified":"2022-02-23T11:39:24","modified_gmt":"2022-02-23T11:39:24","slug":"fejlesztes-munkatarsai","status":"publish","type":"page","link":"https:\/\/motivacio.hu\/wordpress_G\/fejlesztes-munkatarsai\/","title":{"rendered":"Fejleszt\u00e9s munkat\u00e1rsai"},"content":{"rendered":"\n<p><strong>Zalabai P\u00e9tern\u00e9 &#8211; fejleszt\u00e9si vezet\u0151<\/strong><br>A strat\u00e9giai tervez\u00e9s szempontjainak sz\u00e1mbav\u00e9tele \u00e9s k\u00e9pviselete, szakmapolitikai lobby-tev\u00e9kenys\u00e9g folytat\u00e1sa, az akad\u00e1lymentes k\u00f6rnyezeti program koordin\u00e1l\u00e1sa, ir\u00e1ny\u00edt\u00e1sa, szakmai modellek kidolgoz\u00e1sa, a meg\u00edrand\u00f3 p\u00e1ly\u00e1zatok szakmai r\u00e9sz\u00e9nek elk\u00e9sz\u00edt\u00e9se, facilit\u00e1l\u00e1sa, a k\u00e9pz\u00e9ssel kapcsolatos szakmai tan\u00e1csad\u00e1s, javaslat\u00e9tel, vezet\u0151s\u00e9gi d\u00f6nt\u00e9s\u00e9t k\u00f6vet\u0151en megval\u00f3s\u00edt\u00e1s a k\u00e9pz\u00e9s\u00e9rt felel\u0151s bevon\u00e1s\u00e1val, ir\u00e1ny\u00edtja \u00e9s fel\u00fcgyeli az Alap\u00edtv\u00e1ny arculat\u00e1nak kialak\u00edt\u00e1s\u00e1t, megjelen\u00edt\u00e9s\u00e9t.<\/p>\n\n\n\n<p><strong>Dr. Ozv\u00e1ri Luk\u00e1cs \u00c1d\u00e1m &#8211; jog\u00e1sz<\/strong><br>Alap\u00edtv\u00e1nyunk \u00fcgyfeleinek seg\u00edt\u00e9se jogi esetekben, kiemelten a t\u00e1rsadalombiztos\u00edt\u00e1si \u00e9s munkajogi esetekre, sz\u00fcks\u00e9g eset\u00e9n jogk\u00e9pviselet biztos\u00edt\u00e1sa, b\u00edr\u00f3s\u00e1gok, egy\u00e9b hat\u00f3s\u00e1gok el\u0151tt.<\/p>\n\n\n\n<p><strong>Dr. Ozv\u00e1ri-Luk\u00e1cs R\u00e9ka &#8211; jog\u00e1sz<\/strong>,\u00a0<strong>rehabilt\u00e1ci\u00f3s mentor<br><\/strong>Jogi tan\u00e1csad\u00e1s, a\u00a0<a href=\"http:\/\/net.jogtar.hu\/jr\/gen\/hjegy_doc.cgi?docid=A1200327.KOR\">327\/2012-es korm\u00e1nyrendeletben<\/a>\u00a0meghat\u00e1rozott rehabilit\u00e1ci\u00f3s mentori feladatok ell\u00e1t\u00e1sa.<\/p>\n\n\n\n<p><strong>Ilisics G\u00e1bor &#8211;\u00a0informatikai munkat\u00e1rs<\/strong><br>Az alap\u00edtv\u00e1ny informatikai feladatainak ell\u00e1t\u00e1sa, a munkat\u00e1rsak informatikai t\u00e1mogat\u00e1sa, az alap\u00edtv\u00e1ny sz\u00e1m\u00edt\u00f3g\u00e9pes g\u00e9pparkj\u00e1nak biztons\u00e1gos \u00e9s az ig\u00e9nyeknek megfelel\u0151 fejleszt\u00e9s\u0171 \u00fczemeltet\u00e9se.<\/p>\n\n\n\n<p><strong>Nagy J\u00e1nos &#8211; integr\u00e1lt rendezv\u00e9nyszervez\u0151<\/strong><br>Ell\u00e1tja a rendezv\u00e9nyszervez\u00e9ssel \u00f6sszef\u00fcgg\u0151 adminisztr\u00e1ci\u00f3s, szervez\u00e9si, megval\u00f3s\u00edt\u00e1si feladatokat.<\/p>\n\n\n\n<p><strong>Kov\u00e1csn\u00e9 Gy\u0151rik Kinga &#8211; akad\u00e1lymentes\u00edt\u00e9si munkat\u00e1rs<\/strong><br>Akad\u00e1lymentes\u00edt\u00e9si felm\u00e9r\u00e9s m\u00f3dszertan\u00e1nak kidolgoz\u00e1sa, akad\u00e1lymentes felm\u00e9r\u00e9sek elv\u00e9gz\u00e9se, ehhez kapcsol\u00f3d\u00f3 p\u00e1ly\u00e1zatokban szakmai seg\u00edts\u00e9gny\u00fajt\u00e1s.<\/p>\n\n\n\n<p><strong>K\u0151szegi Tam\u00e1s\u00a0 \u271d &#8211; k\u00f6z\u00f6ss\u00e9gi civil szervez\u0151<\/strong><br>Az Alap\u00edtv\u00e1ny m\u0171k\u00f6d\u00e9s\u00e9vel kapcsolatos szervez\u00e9si feladatokat l\u00e1tja el.<\/p>\n\n\n\n<p><strong>L\u0151rincz Andrea &#8211; nonprofit \u00fcgyint\u00e9z\u0151 \u00e9s szervez\u0151<br><\/strong>R\u00e9szt vesz a kapcsolatrendszer ki\u00e9p\u00edt\u00e9s\u00e9ben \u00e9s gondozza a szakmai kapcsolatokat.<img decoding=\"async\" src=\"https:\/\/ssl.gstatic.com\/ui\/v1\/icons\/mail\/images\/cleardot.gif\" alt=\"\"><\/p>\n","protected":false},"excerpt":{"rendered":"","protected":false},"author":1,"featured_media":0,"parent":0,"menu_order":0,"comment_status":"closed","ping_status":"closed","template":"","meta":{"footnotes":""},"class_list":["post-22","page","type-page","status-publish","hentry"],"_links":{"self":[{"href":"https:\/\/motivacio.hu\/wordpress_G\/wp-json\/wp\/v2\/pages\/22","targetHints":{"allow":["GET"]}}],"collection":[{"href":"https:\/\/motivacio.hu\/wordpress_G\/wp-json\/wp\/v2\/pages"}],"about":[{"href":"https:\/\/motivacio.hu\/wordpress_G\/wp-json\/wp\/v2\/types\/page"}],"author":[{"embeddable":true,"href":"https:\/\/motivacio.hu\/wordpress_G\/wp-json\/wp\/v2\/users\/1"}],"replies":[{"embeddable":true,"href":"https:\/\/motivacio.hu\/wordpress_G\/wp-json\/wp\/v2\/comments?post=22"}],"version-history":[{"count":0,"href":"https:\/\/motivacio.hu\/wordpress_G\/wp-json\/wp\/v2\/pages\/22\/revisions"}],"wp:attachment":[{"href":"https:\/\/motivacio.hu\/wordpress_G\/wp-json\/wp\/v2\/media?parent=22"}],"curies":[{"name":"wp","href":"https:\/\/api.w.org\/{rel}","templated":true}]}}