{"id":215,"date":"2022-06-20T08:05:19","date_gmt":"2022-06-20T08:05:19","guid":{"rendered":"http:\/\/wordpress.motivacio.hu\/wordpress\/?page_id=215"},"modified":"2022-06-20T08:05:19","modified_gmt":"2022-06-20T08:05:19","slug":"felnottkepzes","status":"publish","type":"page","link":"https:\/\/motivacio.hu\/wordpress_G\/felnottkepzes\/","title":{"rendered":"Feln\u0151ttk\u00e9pz\u00e9s"},"content":{"rendered":"\n<p>Levelez\u00e9si c\u00edm:<br>Motiv\u00e1ci\u00f3 Alap\u00edtv\u00e1ny<br>1055 Budapest, Honv\u00e9d u. 22.<\/p>\n\n\n\n<p>Telefon<br>+36(1) 317 4417, +36(1) 317 3431<\/p>\n\n\n\n<p>\u00dcGYF\u00c9LSZOLG\u00c1LATI IROD\u00c1NK<br>1055 Budapest, Honv\u00e9d u. 22.<br>H\u00e9tf\u0151t\u0151l p\u00e9ntekig: 10.00-14.00<br>Tel: (06-1) 317-4417, (06-1) 317-3431<br>Fax: (06-1) 317-4417<\/p>\n\n\n\n<p>Szakmai vezet\u0151: T\u00e1nczos Zsuzsanna<br>E-mail: tanczos.zsuzsa@motivacio.hu<\/p>\n\n\n\n<p>FELN\u0150TTK\u00c9PZ\u00c9S TANFOLYAMSZERVEZ\u00c9S:<br>Szakmai vezet\u0151: T\u00e1nczos Zsuzsanna<br>1055 Budapest, Honv\u00e9d u. 22.<br>H\u00e9tf\u0151t\u0151l p\u00e9ntekig: 10.00-14.00<br>Tel: (06-1) 317-4417, (06-1) 317-3431<br>Fax: (06-1) 317-4417<\/p>\n\n\n\n<div data-wp-interactive=\"core\/file\" class=\"wp-block-file\"><object data-wp-bind--hidden=\"!state.hasPdfPreview\" hidden class=\"wp-block-file__embed\" data=\"http:\/\/wordpress.motivacio.hu\/wordpress\/wp-content\/uploads\/2022\/06\/178.pdf\" type=\"application\/pdf\" style=\"width:100%;height:600px\" aria-label=\"Feln\u0151ttk\u00e9pz\u00e9si tev\u00e9kenys\u00e9g nyilv\u00e1ntart\u00e1sba v\u00e9tele be\u00e1gyaz\u00e1sa be\u00e1gyaz\u00e1sa\"><\/object><a id=\"wp-block-file--media-64ac6870-58ad-4dde-be9b-2f15eb74e1be\" href=\"http:\/\/wordpress.motivacio.hu\/wordpress\/wp-content\/uploads\/2022\/06\/178.pdf\">Feln\u0151ttk\u00e9pz\u00e9si tev\u00e9kenys\u00e9g nyilv\u00e1ntart\u00e1sba v\u00e9tele<\/a><\/div>\n","protected":false},"excerpt":{"rendered":"<p>Levelez\u00e9si c\u00edm:Motiv\u00e1ci\u00f3 Alap\u00edtv\u00e1ny1055 Budapest, Honv\u00e9d u. 22. Telefon+36(1) 317 4417, +36(1) 317 3431 \u00dcGYF\u00c9LSZOLG\u00c1LATI IROD\u00c1NK1055 Budapest, Honv\u00e9d u. 22.H\u00e9tf\u0151t\u0151l p\u00e9ntekig: 10.00-14.00Tel: (06-1) 317-4417, (06-1) 317-3431Fax: (06-1) 317-4417 Szakmai vezet\u0151: T\u00e1nczos ZsuzsannaE-mail: tanczos.zsuzsa@motivacio.hu FELN\u0150TTK\u00c9PZ\u00c9S TANFOLYAMSZERVEZ\u00c9S:Szakmai vezet\u0151: T\u00e1nczos Zsuzsanna1055 Budapest, Honv\u00e9d u. 22.H\u00e9tf\u0151t\u0151l p\u00e9ntekig: 10.00-14.00Tel: (06-1) 317-4417, (06-1) 317-3431Fax: (06-1) 317-4417<\/p>\n","protected":false},"author":1,"featured_media":0,"parent":0,"menu_order":0,"comment_status":"closed","ping_status":"closed","template":"","meta":{"footnotes":""},"class_list":["post-215","page","type-page","status-publish","hentry"],"_links":{"self":[{"href":"https:\/\/motivacio.hu\/wordpress_G\/wp-json\/wp\/v2\/pages\/215","targetHints":{"allow":["GET"]}}],"collection":[{"href":"https:\/\/motivacio.hu\/wordpress_G\/wp-json\/wp\/v2\/pages"}],"about":[{"href":"https:\/\/motivacio.hu\/wordpress_G\/wp-json\/wp\/v2\/types\/page"}],"author":[{"embeddable":true,"href":"https:\/\/motivacio.hu\/wordpress_G\/wp-json\/wp\/v2\/users\/1"}],"replies":[{"embeddable":true,"href":"https:\/\/motivacio.hu\/wordpress_G\/wp-json\/wp\/v2\/comments?post=215"}],"version-history":[{"count":0,"href":"https:\/\/motivacio.hu\/wordpress_G\/wp-json\/wp\/v2\/pages\/215\/revisions"}],"wp:attachment":[{"href":"https:\/\/motivacio.hu\/wordpress_G\/wp-json\/wp\/v2\/media?parent=215"}],"curies":[{"name":"wp","href":"https:\/\/api.w.org\/{rel}","templated":true}]}}