{"id":208,"date":"2022-06-17T10:44:23","date_gmt":"2022-06-17T10:44:23","guid":{"rendered":"http:\/\/wordpress.motivacio.hu\/wordpress\/?page_id=208"},"modified":"2022-06-17T10:44:23","modified_gmt":"2022-06-17T10:44:23","slug":"fejlesztes","status":"publish","type":"page","link":"https:\/\/motivacio.hu\/wordpress_G\/fejlesztes\/","title":{"rendered":"Fejleszt\u00e9s"},"content":{"rendered":"\n<p>Alap\u00edtv\u00e1nyunk fejleszt\u00e9si csapata sokr\u00e9t\u0171 munk\u00e1t v\u00e9gez.<br><\/p>\n\n\n\n<p>Hidat k\u00e9pez a k\u00fcl\u00f6nb\u00f6z\u0151 szervezeti egys\u00e9gek k\u00f6z\u00f6tt, biztos\u00edtva az \u00e1lland\u00f3 \u00e9s folyamatos bels\u0151 kommunik\u00e1ci\u00f3t, inform\u00e1ci\u00f3\u00e1raml\u00e1st. <\/p>\n\n\n\n<p>\u00d6sszehangolja az eg\u00e9sz alap\u00edtv\u00e1nyt \u00e9rint\u0151 jelenlegi \u00e9s j\u00f6v\u0151beni projekteket, munkafolyamatokat, k\u00fcl\u00f6n\u00f6s tekintettel az innov\u00e1ci\u00f3ra, fejleszt\u00e9sre, kreat\u00edv \u00e9s v\u00e1ltoz\u00e1s menedzsmentre, a p\u00e1ly\u00e1zat\u00edr\u00e1s folyamat\u00e1ra.<\/p>\n","protected":false},"excerpt":{"rendered":"<p>Alap\u00edtv\u00e1nyunk fejleszt\u00e9si csapata sokr\u00e9t\u0171 munk\u00e1t v\u00e9gez. Hidat k\u00e9pez a k\u00fcl\u00f6nb\u00f6z\u0151 szervezeti egys\u00e9gek k\u00f6z\u00f6tt, biztos\u00edtva az \u00e1lland\u00f3 \u00e9s folyamatos bels\u0151 kommunik\u00e1ci\u00f3t, inform\u00e1ci\u00f3\u00e1raml\u00e1st. \u00d6sszehangolja az eg\u00e9sz alap\u00edtv\u00e1nyt \u00e9rint\u0151 jelenlegi \u00e9s j\u00f6v\u0151beni projekteket, munkafolyamatokat, k\u00fcl\u00f6n\u00f6s tekintettel az innov\u00e1ci\u00f3ra, fejleszt\u00e9sre, kreat\u00edv \u00e9s v\u00e1ltoz\u00e1s menedzsmentre, a p\u00e1ly\u00e1zat\u00edr\u00e1s folyamat\u00e1ra.<\/p>\n","protected":false},"author":1,"featured_media":0,"parent":0,"menu_order":0,"comment_status":"closed","ping_status":"closed","template":"","meta":{"footnotes":""},"class_list":["post-208","page","type-page","status-publish","hentry"],"_links":{"self":[{"href":"https:\/\/motivacio.hu\/wordpress_G\/wp-json\/wp\/v2\/pages\/208","targetHints":{"allow":["GET"]}}],"collection":[{"href":"https:\/\/motivacio.hu\/wordpress_G\/wp-json\/wp\/v2\/pages"}],"about":[{"href":"https:\/\/motivacio.hu\/wordpress_G\/wp-json\/wp\/v2\/types\/page"}],"author":[{"embeddable":true,"href":"https:\/\/motivacio.hu\/wordpress_G\/wp-json\/wp\/v2\/users\/1"}],"replies":[{"embeddable":true,"href":"https:\/\/motivacio.hu\/wordpress_G\/wp-json\/wp\/v2\/comments?post=208"}],"version-history":[{"count":0,"href":"https:\/\/motivacio.hu\/wordpress_G\/wp-json\/wp\/v2\/pages\/208\/revisions"}],"wp:attachment":[{"href":"https:\/\/motivacio.hu\/wordpress_G\/wp-json\/wp\/v2\/media?parent=208"}],"curies":[{"name":"wp","href":"https:\/\/api.w.org\/{rel}","templated":true}]}}