{"id":195,"date":"2022-06-17T10:25:06","date_gmt":"2022-06-17T10:25:06","guid":{"rendered":"http:\/\/wordpress.motivacio.hu\/wordpress\/?page_id=195"},"modified":"2022-06-17T10:25:06","modified_gmt":"2022-06-17T10:25:06","slug":"a-szolgaltatas-igenybevetelenek-feltetelei-3","status":"publish","type":"page","link":"https:\/\/motivacio.hu\/wordpress_G\/a-szolgaltatas-igenybevetelenek-feltetelei-3\/","title":{"rendered":"Jogseg\u00e9ly szolg\u00e1lat"},"content":{"rendered":"\n<p>Szolg\u00e1ltat\u00e1sunk <strong>kiz\u00e1r\u00f3lag<\/strong> a <strong>munkajog<\/strong> \u00e9s a <strong>fogyat\u00e9kos emberek ell\u00e1t\u00e1sai<\/strong>nak ter\u00fclet\u00e9re vonatkoznak, valamint az ezekhez kapcsol\u00f3d\u00f3 <strong>okiratszerkeszt\u00e9s<\/strong>ben is seg\u00edts\u00e9get ny\u00fajtunk.<\/p>\n\n\n\n<p>Ingyenes szolg\u00e1ltat\u00e1sunkat <strong>ig\u00e9nybe vehetik<\/strong>.<\/p>\n\n\n\n<ul class=\"wp-block-list\"><li><strong>Megv\u00e1ltozott munkak\u00e9pess\u00e9g\u0171,<\/strong><\/li><li><strong>Eg\u00e9szs\u00e9gk\u00e1rosodott,<\/strong><\/li><li><strong>Fogyat\u00e9kos<\/strong> (l\u00e1t\u00e1s-, hall\u00e1s-, mozg\u00e1ss\u00e9r\u00fclt, \u00e9rtelmi fogyat\u00e9kos, vagy ment\u00e1lisan k\u00e1rosodott) <strong>szem\u00e9lyek,<\/strong><\/li><li>A fenti csoportok foglalkoztat\u00e1s\u00e1ban \u00e9rdekelt <strong>munk\u00e1ltat\u00f3k.<\/strong><\/li><\/ul>\n\n\n\n<p><strong>El\u00e9rhet\u0151s\u00e9gek<\/strong>:<br>Mobiltelefon: +36 (70) 662 62 61 (<strong>munkanapokon 9 \u00e9s 15 \u00f3ra k\u00f6z\u00f6tt<\/strong>)<br>Telefon: +36 (1) 317 44 17 (<strong>h\u00e9tf\u0151nk\u00e9nt 9 \u2013 12 \u00f3ra k\u00f6z\u00f6tt, szerd\u00e1nk\u00e9nt 13 \u2013 16 \u00f3ra k\u00f6z\u00f6tt<\/strong>)<br>Fax: +36 (1) 317 84 38<br>Postac\u00edm: 1055 Budapest, Honv\u00e9d u. 22.<\/p>\n\n\n\n<p>Jogi tan\u00e1cs k\u00e9rhet\u0151 postai \u00faton, a fenti telefon \u00e9s fax sz\u00e1mokon a \u00a0megadott id\u0151pontokban, valamint <strong>egyeztet\u00e9s ut\u00e1n <\/strong>szem\u00e9lyesen az alap\u00edtv\u00e1ny c\u00edm\u00e9n.<\/p>\n\n\n\n<p>Sz\u00fcks\u00e9g eset\u00e9n T\u00e1mogat\u00f3 Szolg\u00e1ltunk seg\u00edts\u00e9get ny\u00fajt a tan\u00e1csad\u00e1sra val\u00f3 eljut\u00e1sban, k\u00fcl\u00f6n\u00f6sen indokolt esetben pedig helysz\u00edni tan\u00e1csad\u00e1s ig\u00e9nyelhet\u0151.<\/p>\n","protected":false},"excerpt":{"rendered":"<p>Szolg\u00e1ltat\u00e1sunk kiz\u00e1r\u00f3lag a munkajog \u00e9s a fogyat\u00e9kos emberek ell\u00e1t\u00e1sainak ter\u00fclet\u00e9re vonatkoznak, valamint az ezekhez kapcsol\u00f3d\u00f3 okiratszerkeszt\u00e9sben is seg\u00edts\u00e9get ny\u00fajtunk. Ingyenes szolg\u00e1ltat\u00e1sunkat ig\u00e9nybe vehetik. Megv\u00e1ltozott munkak\u00e9pess\u00e9g\u0171, Eg\u00e9szs\u00e9gk\u00e1rosodott, Fogyat\u00e9kos (l\u00e1t\u00e1s-, hall\u00e1s-, mozg\u00e1ss\u00e9r\u00fclt, \u00e9rtelmi fogyat\u00e9kos, vagy ment\u00e1lisan k\u00e1rosodott) szem\u00e9lyek, A fenti csoportok foglalkoztat\u00e1s\u00e1ban \u00e9rdekelt munk\u00e1ltat\u00f3k. El\u00e9rhet\u0151s\u00e9gek:Mobiltelefon: +36 (70) 662 62 61 (munkanapokon 9 \u00e9s 15 \u00f3ra k\u00f6z\u00f6tt)Telefon: +36 [&hellip;]<\/p>\n","protected":false},"author":1,"featured_media":0,"parent":0,"menu_order":0,"comment_status":"closed","ping_status":"closed","template":"","meta":{"footnotes":""},"class_list":["post-195","page","type-page","status-publish","hentry"],"_links":{"self":[{"href":"https:\/\/motivacio.hu\/wordpress_G\/wp-json\/wp\/v2\/pages\/195","targetHints":{"allow":["GET"]}}],"collection":[{"href":"https:\/\/motivacio.hu\/wordpress_G\/wp-json\/wp\/v2\/pages"}],"about":[{"href":"https:\/\/motivacio.hu\/wordpress_G\/wp-json\/wp\/v2\/types\/page"}],"author":[{"embeddable":true,"href":"https:\/\/motivacio.hu\/wordpress_G\/wp-json\/wp\/v2\/users\/1"}],"replies":[{"embeddable":true,"href":"https:\/\/motivacio.hu\/wordpress_G\/wp-json\/wp\/v2\/comments?post=195"}],"version-history":[{"count":0,"href":"https:\/\/motivacio.hu\/wordpress_G\/wp-json\/wp\/v2\/pages\/195\/revisions"}],"wp:attachment":[{"href":"https:\/\/motivacio.hu\/wordpress_G\/wp-json\/wp\/v2\/media?parent=195"}],"curies":[{"name":"wp","href":"https:\/\/api.w.org\/{rel}","templated":true}]}}