{"id":16,"date":"2022-02-23T11:41:58","date_gmt":"2022-02-23T11:41:58","guid":{"rendered":"http:\/\/192.168.0.28\/?page_id=16"},"modified":"2022-02-23T11:41:58","modified_gmt":"2022-02-23T11:41:58","slug":"tamogato-szolgalat-munkatarsai","status":"publish","type":"page","link":"https:\/\/motivacio.hu\/wordpress_G\/tamogato-szolgalat-munkatarsai\/","title":{"rendered":"T\u00e1mogat\u00f3 szolg\u00e1lat munkat\u00e1rsai"},"content":{"rendered":"\n<figure class=\"wp-block-table alignwide\"><table><tbody><tr><td><strong>N\u00e9v<\/strong><\/td><td><strong>Munkak\u00f6r<\/strong><\/td><td><strong>K\u00e9pes\u00edt\u00e9s<\/strong><\/td><td class=\"has-text-align-center\" data-align=\"center\"><strong>Munkak\u00f6rh\u00f6z k\u00f6t\u00f6tt k\u00e9pz\u00e9s elv\u00e9gz\u00e9s\u00e9nek d\u00e1tuma<\/strong><\/td><\/tr><tr><td>Helmeczi Erika<\/td><td>Int\u00e9zm\u00e9nyvezet\u0151<\/td><td>v\u00e9d\u0151n\u0151 \/ eg\u00e9szs\u00e9g\u00fcgyi menedzser<\/td><td class=\"has-text-align-center\" data-align=\"center\">2003.07.11<\/td><\/tr><tr><td>Gyenge Val\u00e9ria<\/td><td>szakmai vezet\u0151  \/ ter\u00e1pi\u00e1s munkat\u00e1rs<\/td><td>szoci\u00e1lis munk\u00e1s<\/td><td class=\"has-text-align-center\" data-align=\"center\">2003.07.11<\/td><\/tr><tr><td>\u00dajv\u00e1ri J\u00e1nosn\u00e9<\/td><td>gondoz\u00f3k koordin\u00e1tora \/ ter\u00e1pi\u00e1s munkat\u00e1rs<\/td><td>\u00e1ltal\u00e1nos \u00e1pol\u00f3<\/td><td class=\"has-text-align-center\" data-align=\"center\">2005.10.24<\/td><\/tr><tr><td>Korusecz L\u00e1sz\u00f3<\/td><td>gondoz\u00f3<\/td><td>szoci\u00e1lpedag\u00f3gus \/ szoci\u00e1lis gondoz\u00f3 \/ \u00e1pol\u00f3<\/td><td class=\"has-text-align-center\" data-align=\"center\">2012.04.10.<\/td><\/tr><tr><td>Markovicsn\u00e9 B\u00f3n Izabella<\/td><td>gondoz\u00f3<\/td><td>\u00e1ltal\u00e1nos \u00e1pol\u00f3<\/td><td class=\"has-text-align-center\" data-align=\"center\">2005.10.24<\/td><\/tr><tr><td>T\u00f3th R\u00f3bertn\u00e9<\/td><td>gondoz\u00f3<\/td><td>gyermek\u00e1pol\u00f3<\/td><td class=\"has-text-align-center\" data-align=\"center\">2005.10.24<\/td><\/tr><tr><td>Cz\u00e9kli Csaba<\/td><td>gondoz\u00f3 \/ ter\u00e1pi\u00e1s munkat\u00e1rs<\/td><td>fogyat\u00e9kosok gondoz\u00f3ja \/ gy\u00f3gypedag\u00f3giai seg\u00edt\u0151 munkat\u00e1rs<\/td><td class=\"has-text-align-center\" data-align=\"center\">2020.06.29.<\/td><\/tr><tr><td>Tamaskovics N\u00f3ra<\/td><td>gondoz\u00f3<\/td><td>szoci\u00e1lis gondoz\u00f3 \/ \u00e1pol\u00f3<\/td><td class=\"has-text-align-center\" data-align=\"center\">2022. 01.31.<\/td><\/tr><tr><td>Fisch Andr\u00e1s<\/td><td>gondoz\u00f3\/ter\u00e1pi\u00e1s munkat\u00e1rs<\/td><td>gy\u00f3gypedag\u00f3giai asszisztens<\/td><td class=\"has-text-align-center\" data-align=\"center\">2010.11.08<\/td><\/tr><tr><td>Ill\u00e9s L\u00e1szl\u00f3<\/td><td>sz\u00e1ll\u00edt\u00e1si koordin\u00e1tor \/ seg\u00edt\u0151<\/td><td>hivat\u00e1sos PAV II<\/td><td class=\"has-text-align-center\" data-align=\"center\">2007.11.28<\/td><\/tr><tr><td>Ercse Tibor<\/td><td>seg\u00edt\u0151<\/td><td>hivat\u00e1sos PAV II<\/td><td class=\"has-text-align-center\" data-align=\"center\">&#8212;&#8212;&#8212;&#8211;<\/td><\/tr><tr><td>Nagy Zolt\u00e1n<\/td><td>seg\u00edt\u0151<\/td><td>hivat\u00e1sos PAV II<\/td><td class=\"has-text-align-center\" data-align=\"center\">2020.06.29.<\/td><\/tr><\/tbody><\/table><figcaption>A T\u00e1mogat\u00f3 szolg\u00e1latban dolgoz\u00f3 szakemberek szakmai mutat\u00f3i<\/figcaption><\/figure>\n\n\n\n<div class=\"wp-block-group\"><div class=\"wp-block-group__inner-container is-layout-flow wp-block-group-is-layout-flow\">\n<p>A T\u00e1mogat\u00f3 Szolg\u00e1lat minden dolgoz\u00f3ja 8 \u00f3r\u00e1s munkaviszony keret\u00e9ben v\u00e9gzi tev\u00e9kenys\u00e9g\u00e9t \u00e9s minden alkalmazott k\u00e9pes\u00edt\u00e9se megfelel az 1\/2000. SzCsM. rendelet el\u0151\u00edr\u00e1sainak.<\/p>\n<\/div><\/div>\n","protected":false},"excerpt":{"rendered":"<p>N\u00e9v Munkak\u00f6r K\u00e9pes\u00edt\u00e9s Munkak\u00f6rh\u00f6z k\u00f6t\u00f6tt k\u00e9pz\u00e9s elv\u00e9gz\u00e9s\u00e9nek d\u00e1tuma Helmeczi Erika Int\u00e9zm\u00e9nyvezet\u0151 v\u00e9d\u0151n\u0151 \/ eg\u00e9szs\u00e9g\u00fcgyi menedzser 2003.07.11 Gyenge Val\u00e9ria szakmai vezet\u0151 \/ ter\u00e1pi\u00e1s munkat\u00e1rs szoci\u00e1lis munk\u00e1s 2003.07.11 \u00dajv\u00e1ri J\u00e1nosn\u00e9 gondoz\u00f3k koordin\u00e1tora \/ ter\u00e1pi\u00e1s munkat\u00e1rs \u00e1ltal\u00e1nos \u00e1pol\u00f3 2005.10.24 Korusecz L\u00e1sz\u00f3 gondoz\u00f3 szoci\u00e1lpedag\u00f3gus \/ szoci\u00e1lis gondoz\u00f3 \/ \u00e1pol\u00f3 2012.04.10. Markovicsn\u00e9 B\u00f3n Izabella gondoz\u00f3 \u00e1ltal\u00e1nos \u00e1pol\u00f3 2005.10.24 T\u00f3th R\u00f3bertn\u00e9 [&hellip;]<\/p>\n","protected":false},"author":1,"featured_media":0,"parent":0,"menu_order":0,"comment_status":"closed","ping_status":"closed","template":"","meta":{"footnotes":""},"class_list":["post-16","page","type-page","status-publish","hentry"],"_links":{"self":[{"href":"https:\/\/motivacio.hu\/wordpress_G\/wp-json\/wp\/v2\/pages\/16","targetHints":{"allow":["GET"]}}],"collection":[{"href":"https:\/\/motivacio.hu\/wordpress_G\/wp-json\/wp\/v2\/pages"}],"about":[{"href":"https:\/\/motivacio.hu\/wordpress_G\/wp-json\/wp\/v2\/types\/page"}],"author":[{"embeddable":true,"href":"https:\/\/motivacio.hu\/wordpress_G\/wp-json\/wp\/v2\/users\/1"}],"replies":[{"embeddable":true,"href":"https:\/\/motivacio.hu\/wordpress_G\/wp-json\/wp\/v2\/comments?post=16"}],"version-history":[{"count":0,"href":"https:\/\/motivacio.hu\/wordpress_G\/wp-json\/wp\/v2\/pages\/16\/revisions"}],"wp:attachment":[{"href":"https:\/\/motivacio.hu\/wordpress_G\/wp-json\/wp\/v2\/media?parent=16"}],"curies":[{"name":"wp","href":"https:\/\/api.w.org\/{rel}","templated":true}]}}