{"id":145,"date":"2022-06-17T08:32:12","date_gmt":"2022-06-17T08:32:12","guid":{"rendered":"http:\/\/wordpress.motivacio.hu\/wordpress\/?page_id=145"},"modified":"2022-06-17T08:32:12","modified_gmt":"2022-06-17T08:32:12","slug":"tevekenysegunkrol","status":"publish","type":"page","link":"https:\/\/motivacio.hu\/wordpress_G\/tevekenysegunkrol\/","title":{"rendered":"Tev\u00e9kenys\u00e9g\u00fcnkr\u0151l"},"content":{"rendered":"\n<p>\u00dcgyfeleink h\u00e1tr\u00e1nyos helyzet\u0171 \u00e9s megv\u00e1ltozott munkak\u00e9pess\u00e9g\u0171, illetve fogyat\u00e9kos emberek, akiknek a k\u00f6vetkez\u0151 szolg\u00e1ltat\u00e1sokat ny\u00fajtjuk:<\/p>\n\n\n\n<ul class=\"wp-block-list\">\n<li>munkak\u00f6zvet\u00edt\u00e9s<\/li>\n\n\n\n<li>munkaer\u0151piaci tan\u00e1csad\u00e1s<\/li>\n\n\n\n<li>\u00e1ll\u00e1skeres\u00e9si tan\u00e1csad\u00e1s<\/li>\n\n\n\n<li>pszichol\u00f3giai tan\u00e1csad\u00e1s<\/li>\n\n\n\n<li>jogi tan\u00e1csad\u00e1s<\/li>\n\n\n\n<li>inform\u00e1ci\u00f3ny\u00fajt\u00e1s szoci\u00e1lis ell\u00e1t\u00f3rendszerr\u0151l<\/li>\n<\/ul>\n\n\n\n<p>Tov\u00e1bbi fontos tev\u00e9kenys\u00e9g\u00fcnk a munkaad\u00f3k inform\u00e1l\u00e1sa a h\u00e1tr\u00e1nyos helyzet\u0171 \u00e9s megv\u00e1ltozott munkak\u00e9pess\u00e9g\u0171ek foglalkoztat\u00e1s\u00e1nak lehet\u0151s\u00e9geir\u0151l \u00e9s az ig\u00e9nybevehet\u0151 kedvezm\u00e9nyekr\u0151l.<\/p>\n\n\n\n<p>Szolg\u00e1ltat\u00e1sunkat a <strong>Budapesten<\/strong> \u00e9s k\u00f6rny\u00e9k\u00e9n&nbsp;\u00e9l\u0151, b\u00e1rmilyen&nbsp;okb\u00f3l h\u00e1tr\u00e1nyos helyzet\u0171, fogyat\u00e9koss\u00e1g \u00e9s eg\u00e9szs\u00e9gk\u00e1rosod\u00e1s miatt <strong>megv\u00e1ltozott munkak\u00e9pess\u00e9g\u0171 emberek <\/strong>vehetik&nbsp;ig\u00e9nybe.<br><br>Valamennyi szolg\u00e1ltat\u00e1sunk INGYENES!<\/p>\n\n\n\n<p><\/p>\n\n\n\n<p><strong>Szolg\u00e1ltat\u00e1saink b\u0151vebben:<\/strong><\/p>\n\n\n\n<ul class=\"wp-block-list\">\n<li><strong>munkav\u00e1llal\u00e1ssal kapcsolatos tan\u00e1csad\u00e1s<\/strong><\/li>\n\n\n\n<li><strong>p\u00e1lyav\u00e1laszt\u00e1si \u00e9s k\u00e9pz\u00e9si tan\u00e1csad\u00e1s<\/strong><\/li>\n\n\n\n<li><strong>\u00e1ll\u00e1skeres\u00e9si technik\u00e1k megismertet\u00e9se<\/strong><\/li>\n\n\n\n<li><strong>\u00e9letvezet\u00e9si tan\u00e1csad\u00e1s<\/strong><\/li>\n\n\n\n<li>jogseg\u00e9lyszolg\u00e1lat<\/li>\n\n\n\n<li>konfliktuskezel\u00e9s<\/li>\n\n\n\n<li>k\u00f6z\u00f6ss\u00e9gfejleszt\u0151 programok szervez\u00e9se<\/li>\n\n\n\n<li>munkav\u00e1llal\u00f3i tr\u00e9ningek szervez\u00e9se<\/li>\n\n\n\n<li>egy\u00e9b tr\u00e9ningek, tanfolyamok szervez\u00e9se<\/li>\n<\/ul>\n\n\n\n<p>Irod\u00e1nk bej\u00e1rata \u00e9s bels\u0151 kialak\u00edt\u00e1sa minden szem\u00e9ly sz\u00e1m\u00e1ra <strong>akad\u00e1lymentes<\/strong>.<\/p>\n","protected":false},"excerpt":{"rendered":"<p>\u00dcgyfeleink h\u00e1tr\u00e1nyos helyzet\u0171 \u00e9s megv\u00e1ltozott munkak\u00e9pess\u00e9g\u0171, illetve fogyat\u00e9kos emberek, akiknek a k\u00f6vetkez\u0151 szolg\u00e1ltat\u00e1sokat ny\u00fajtjuk: Tov\u00e1bbi fontos tev\u00e9kenys\u00e9g\u00fcnk a munkaad\u00f3k inform\u00e1l\u00e1sa a h\u00e1tr\u00e1nyos helyzet\u0171 \u00e9s megv\u00e1ltozott munkak\u00e9pess\u00e9g\u0171ek foglalkoztat\u00e1s\u00e1nak lehet\u0151s\u00e9geir\u0151l \u00e9s az ig\u00e9nybevehet\u0151 kedvezm\u00e9nyekr\u0151l. Szolg\u00e1ltat\u00e1sunkat a Budapesten \u00e9s k\u00f6rny\u00e9k\u00e9n&nbsp;\u00e9l\u0151, b\u00e1rmilyen&nbsp;okb\u00f3l h\u00e1tr\u00e1nyos helyzet\u0171, fogyat\u00e9koss\u00e1g \u00e9s eg\u00e9szs\u00e9gk\u00e1rosod\u00e1s miatt megv\u00e1ltozott munkak\u00e9pess\u00e9g\u0171 emberek vehetik&nbsp;ig\u00e9nybe. Valamennyi szolg\u00e1ltat\u00e1sunk INGYENES! Szolg\u00e1ltat\u00e1saink b\u0151vebben: Irod\u00e1nk bej\u00e1rata [&hellip;]<\/p>\n","protected":false},"author":1,"featured_media":0,"parent":0,"menu_order":0,"comment_status":"closed","ping_status":"closed","template":"","meta":{"footnotes":""},"class_list":["post-145","page","type-page","status-publish","hentry"],"_links":{"self":[{"href":"https:\/\/motivacio.hu\/wordpress_G\/wp-json\/wp\/v2\/pages\/145","targetHints":{"allow":["GET"]}}],"collection":[{"href":"https:\/\/motivacio.hu\/wordpress_G\/wp-json\/wp\/v2\/pages"}],"about":[{"href":"https:\/\/motivacio.hu\/wordpress_G\/wp-json\/wp\/v2\/types\/page"}],"author":[{"embeddable":true,"href":"https:\/\/motivacio.hu\/wordpress_G\/wp-json\/wp\/v2\/users\/1"}],"replies":[{"embeddable":true,"href":"https:\/\/motivacio.hu\/wordpress_G\/wp-json\/wp\/v2\/comments?post=145"}],"version-history":[{"count":0,"href":"https:\/\/motivacio.hu\/wordpress_G\/wp-json\/wp\/v2\/pages\/145\/revisions"}],"wp:attachment":[{"href":"https:\/\/motivacio.hu\/wordpress_G\/wp-json\/wp\/v2\/media?parent=145"}],"curies":[{"name":"wp","href":"https:\/\/api.w.org\/{rel}","templated":true}]}}