{"id":142,"date":"2022-06-17T08:28:14","date_gmt":"2022-06-17T08:28:14","guid":{"rendered":"http:\/\/wordpress.motivacio.hu\/wordpress\/?page_id=142"},"modified":"2022-06-17T08:28:14","modified_gmt":"2022-06-17T08:28:14","slug":"a-szolgaltatas-igenybevetelenek-feltetelei-2","status":"publish","type":"page","link":"https:\/\/motivacio.hu\/wordpress_G\/a-szolgaltatas-igenybevetelenek-feltetelei-2\/","title":{"rendered":"A szolg\u00e1ltat\u00e1s ig\u00e9nybev\u00e9tel\u00e9nek felt\u00e9telei"},"content":{"rendered":"\n<p>Szolg\u00e1ltat\u00e1sunkat <strong>h\u00e1tr\u00e1nyos helyzet\u0171 \u00e9s megv\u00e1ltozott munkak\u00e9pess\u00e9g\u0171, illetve fogyat\u00e9kos \u00fcgyfelek<\/strong>, valamint az <strong>\u0151ket foglalkoztatni k\u00edv\u00e1n\u00f3 munk\u00e1ltat\u00f3k vehetik ig\u00e9nybe<\/strong>.<\/p>\n\n\n\n<p>A szolg\u00e1ltat\u00e1sban val\u00f3 r\u00e9szv\u00e9tel <strong>el\u0151zetes bejelentkez\u00e9shez k\u00f6t\u00f6tt<\/strong>:<\/p>\n\n\n\n<ul class=\"wp-block-list\"><li><strong>telefonon<\/strong>: h\u00e9tk\u00f6znap 10-14 \u00f3ra k\u00f6z\u00f6tt, a 318-99-20-as telefonsz\u00e1mon,<\/li><li><strong>e-mailben<\/strong>: <a href=\"mailto:munkakozvetito@motivacio.hu?Subject=Id\u0151pont%20k\u00e9r\u00e9se\">a szolg\u00e1ltat\u00e1s e-mail c\u00edmen<\/a>.<\/li><\/ul>\n\n\n\n<p>Az id\u0151pontra el\u0151jegyzett \u00fcgyfeleinket az els\u0151 tal\u00e1lkoz\u00e1skor regisztr\u00e1ljuk rendszer\u00fcnkben \u00e9s az adatlap kit\u00f6lt\u00e9s\u00e9t k\u00f6vet\u0151en szolg\u00e1ltat\u00e1si szerz\u0151d\u00e9st k\u00f6t\u00fcnk. Ezut\u00e1n ker\u00fcl sor az \u00fcgyf\u00e9l ig\u00e9nyeinek felm\u00e9r\u00e9s\u00e9re, munkak\u00f6zvet\u00edt\u00e9sre.<\/p>\n\n\n\n<p><strong>Fontos!<\/strong><\/p>\n\n\n\n<p><strong>A regisztr\u00e1l\u00e1shoz a h\u00e1tr\u00e1nyos helyzet\u0171 \u00e9s megv\u00e1ltozott munkak\u00e9pess\u00e9g\u0171, illetve fogyat\u00e9koss\u00e1ggal \u00e9l\u0151 \u00fcgyfeleinknek a k\u00f6vetkez\u0151 okm\u00e1nyokat kell magukkal hozniuk:&nbsp;<\/strong>&nbsp;<\/p>\n\n\n\n<ol class=\"wp-block-list\" type=\"1\"><li>Az Orsz\u00e1gos Orvosszak\u00e9rt\u0151i Int\u00e9zet (OOSZI), vagy az Orsz\u00e1gos Rehabilit\u00e1ci\u00f3s \u00e9s Szak\u00e9rt\u0151i Int\u00e9zet (ORSzSzI) \u00e1ltal ki\u00e1ll\u00edtott, az \u00fcgyf\u00e9l munkak\u00e9pess\u00e9g-cs\u00f6kken\u00e9s\u00e9nek m\u00e9rt\u00e9k\u00e9r\u0151l sz\u00f3l\u00f3 <strong>Orsz\u00e1gos Orvosszak\u00e9rt\u0151i Szakv\u00e9lem\u00e9ny<\/strong><\/li><li><strong>\u00d6n\u00e9letrajz<\/strong><\/li><li>Az iskolai \u00e9s egy\u00e9b v\u00e9gzetts\u00e9get igazol\u00f3 <strong>bizony\u00edtv\u00e1nyok<\/strong><\/li><li><strong>TAJ-k\u00e1rtya \u00e9s ad\u00f3k\u00e1rtya<\/strong><\/li><li><strong>Szem\u00e9lyi igazolv\u00e1ny \u00e9s lakc\u00edmk\u00e1rtya<\/strong><\/li><\/ol>\n\n\n\n<p>K\u00e9rj\u00fck hall\u00e1ss\u00e9r\u00fclt \u00fcgyfeleinket, hogy 2016. \u00e1prilis 1-t\u0151l a munkaer\u0151-piaci szolg\u00e1ltat\u00e1s ig\u00e9nybev\u00e9telekor jelnyelvi tolm\u00e1csr\u00f3l gondoskodjanak.<br><\/p>\n","protected":false},"excerpt":{"rendered":"<p>Szolg\u00e1ltat\u00e1sunkat h\u00e1tr\u00e1nyos helyzet\u0171 \u00e9s megv\u00e1ltozott munkak\u00e9pess\u00e9g\u0171, illetve fogyat\u00e9kos \u00fcgyfelek, valamint az \u0151ket foglalkoztatni k\u00edv\u00e1n\u00f3 munk\u00e1ltat\u00f3k vehetik ig\u00e9nybe. A szolg\u00e1ltat\u00e1sban val\u00f3 r\u00e9szv\u00e9tel el\u0151zetes bejelentkez\u00e9shez k\u00f6t\u00f6tt: telefonon: h\u00e9tk\u00f6znap 10-14 \u00f3ra k\u00f6z\u00f6tt, a 318-99-20-as telefonsz\u00e1mon, e-mailben: a szolg\u00e1ltat\u00e1s e-mail c\u00edmen. Az id\u0151pontra el\u0151jegyzett \u00fcgyfeleinket az els\u0151 tal\u00e1lkoz\u00e1skor regisztr\u00e1ljuk rendszer\u00fcnkben \u00e9s az adatlap kit\u00f6lt\u00e9s\u00e9t k\u00f6vet\u0151en szolg\u00e1ltat\u00e1si szerz\u0151d\u00e9st k\u00f6t\u00fcnk. Ezut\u00e1n [&hellip;]<\/p>\n","protected":false},"author":1,"featured_media":0,"parent":0,"menu_order":0,"comment_status":"closed","ping_status":"closed","template":"","meta":{"footnotes":""},"class_list":["post-142","page","type-page","status-publish","hentry"],"_links":{"self":[{"href":"https:\/\/motivacio.hu\/wordpress_G\/wp-json\/wp\/v2\/pages\/142","targetHints":{"allow":["GET"]}}],"collection":[{"href":"https:\/\/motivacio.hu\/wordpress_G\/wp-json\/wp\/v2\/pages"}],"about":[{"href":"https:\/\/motivacio.hu\/wordpress_G\/wp-json\/wp\/v2\/types\/page"}],"author":[{"embeddable":true,"href":"https:\/\/motivacio.hu\/wordpress_G\/wp-json\/wp\/v2\/users\/1"}],"replies":[{"embeddable":true,"href":"https:\/\/motivacio.hu\/wordpress_G\/wp-json\/wp\/v2\/comments?post=142"}],"version-history":[{"count":0,"href":"https:\/\/motivacio.hu\/wordpress_G\/wp-json\/wp\/v2\/pages\/142\/revisions"}],"wp:attachment":[{"href":"https:\/\/motivacio.hu\/wordpress_G\/wp-json\/wp\/v2\/media?parent=142"}],"curies":[{"name":"wp","href":"https:\/\/api.w.org\/{rel}","templated":true}]}}