{"id":139,"date":"2022-06-17T08:25:24","date_gmt":"2022-06-17T08:25:24","guid":{"rendered":"http:\/\/wordpress.motivacio.hu\/wordpress\/?page_id=139"},"modified":"2022-06-17T08:25:24","modified_gmt":"2022-06-17T08:25:24","slug":"foglalkozasi-rehabilitacios-szolgaltatas","status":"publish","type":"page","link":"https:\/\/motivacio.hu\/wordpress_G\/foglalkozasi-rehabilitacios-szolgaltatas\/","title":{"rendered":"Foglalkoz\u00e1si rehabilit\u00e1ci\u00f3s szolg\u00e1ltat\u00e1s"},"content":{"rendered":"\n<p>Foglalkoztat\u00e1si rehabilit\u00e1ci\u00f3s szolg\u00e1ltat\u00e1sunk t\u00f6bbf\u00e9le tev\u00e9kenys\u00e9g <strong>komplex eg\u00e9sze<\/strong>, melyeknek c\u00e9lja a seg\u00edts\u00e9gny\u00fajt\u00e1s.<\/p>\n\n\n\n<p>\u00dcgyfeleink megv\u00e1ltozott munkak\u00e9pess\u00e9g\u0171 \u00e9s fogyat\u00e9kos emberek, akiknek a k\u00f6vetkez\u0151 szolg\u00e1ltat\u00e1sokat ny\u00fajtjuk:<\/p>\n\n\n\n<ul class=\"wp-block-list\"><li>munkak\u00f6zvet\u00edt\u00e9s<\/li><li>munkaer\u0151piaci tan\u00e1csad\u00e1s<\/li><li>\u00e1ll\u00e1skeres\u00e9si tan\u00e1csad\u00e1s<\/li><li>pszichol\u00f3giai tan\u00e1csad\u00e1s<\/li><li>jogi tan\u00e1csad\u00e1s<\/li><li>inform\u00e1ci\u00f3ny\u00fajt\u00e1s szoci\u00e1lis ell\u00e1t\u00f3rendszerr\u0151l\u00a0\u00a0\u00a0\u00a0\u00a0\u00a0\u00a0\u00a0\u00a0\u00a0\u00a0\u00a0\u00a0\u00a0\u00a0\u00a0\u00a0\u00a0\u00a0\u00a0\u00a0\u00a0\u00a0\u00a0\u00a0\u00a0\u00a0\u00a0\u00a0\u00a0\u00a0\u00a0\u00a0\u00a0\u00a0\u00a0\u00a0\u00a0\u00a0<\/li><\/ul>\n\n\n\n<p>Tov\u00e1bbi fontos tev\u00e9kenys\u00e9g\u00fcnk a munkaad\u00f3k inform\u00e1l\u00e1sa megv\u00e1ltozott munkak\u00e9pess\u00e9g\u0171ek foglalkoztat\u00e1s\u00e1nak lehet\u0151s\u00e9geir\u0151l \u00e9s az ig\u00e9nybevehet\u0151 kedvezm\u00e9nyekr\u0151l.<\/p>\n\n\n\n<p>Szolg\u00e1ltat\u00e1sunkat a <strong>Budapesten<\/strong> \u00e9s k\u00f6rny\u00e9k\u00e9n \u00e9l\u0151 mozg\u00e1skorl\u00e1tozott, l\u00e1t\u00e1ss\u00e9r\u00fclt, h\u00e1tr\u00e1nyos helyzet\u0171 \u00e9s hall\u00e1ss\u00e9r\u00fclt emberek, valamint a Budapesten \u00e9l\u0151 b\u00e1rmilyen eg\u00e9szs\u00e9gk\u00e1rosod\u00e1s miatt <strong>megv\u00e1ltozott munkak\u00e9pess\u00e9g\u0171 regisztr\u00e1lt munkan\u00e9lk\u00fcliek<\/strong> vehetik ig\u00e9nybe.<\/p>\n\n\n\n<p>Valamennyi szolg\u00e1ltat\u00e1sunk <strong><u>INGYENES!<\/u><\/strong><\/p>\n\n\n\n<p>&nbsp;<strong>Szolg\u00e1ltat\u00e1saink b\u0151vebben:<\/strong><\/p>\n\n\n\n<ul class=\"wp-block-list\"><li><strong>munkav\u00e1llal\u00e1ssal kapcsolatos tan\u00e1csad\u00e1s<\/strong><\/li><li><strong>p\u00e1lyav\u00e1laszt\u00e1si \u00e9s k\u00e9pz\u00e9si tan\u00e1csad\u00e1s<\/strong><\/li><li><strong>\u00e1ll\u00e1skeres\u00e9si technik\u00e1k megismertet\u00e9se<\/strong><\/li><li><strong>pszichol\u00f3giai tan\u00e1csad\u00e1s<\/strong><\/li><li><strong>\u00e9letvezet\u00e9si tan\u00e1csad\u00e1s<\/strong><\/li><li>jogseg\u00e9lyszolg\u00e1lat<\/li><li>ad\u00f3ss\u00e1gkezel\u00e9si tan\u00e1csad\u00e1s<\/li><li>v\u00e1llalkoz\u00f3v\u00e1 v\u00e1l\u00e1st seg\u00edt\u0151 tan\u00e1csad\u00e1s<\/li><li>konfliktuskezel\u00e9s<\/li><li>k\u00f6z\u00f6ss\u00e9gfejleszt\u0151 programok szervez\u00e9se<\/li><li>munkav\u00e1llal\u00f3i tr\u00e9ningek szervez\u00e9se<\/li><li>egy\u00e9b tr\u00e9ningek, tanfolyamok szervez\u00e9se<\/li><\/ul>\n","protected":false},"excerpt":{"rendered":"<p>Foglalkoztat\u00e1si rehabilit\u00e1ci\u00f3s szolg\u00e1ltat\u00e1sunk t\u00f6bbf\u00e9le tev\u00e9kenys\u00e9g komplex eg\u00e9sze, melyeknek c\u00e9lja a seg\u00edts\u00e9gny\u00fajt\u00e1s. \u00dcgyfeleink megv\u00e1ltozott munkak\u00e9pess\u00e9g\u0171 \u00e9s fogyat\u00e9kos emberek, akiknek a k\u00f6vetkez\u0151 szolg\u00e1ltat\u00e1sokat ny\u00fajtjuk: munkak\u00f6zvet\u00edt\u00e9s munkaer\u0151piaci tan\u00e1csad\u00e1s \u00e1ll\u00e1skeres\u00e9si tan\u00e1csad\u00e1s pszichol\u00f3giai tan\u00e1csad\u00e1s jogi tan\u00e1csad\u00e1s inform\u00e1ci\u00f3ny\u00fajt\u00e1s szoci\u00e1lis ell\u00e1t\u00f3rendszerr\u0151l\u00a0\u00a0\u00a0\u00a0\u00a0\u00a0\u00a0\u00a0\u00a0\u00a0\u00a0\u00a0\u00a0\u00a0\u00a0\u00a0\u00a0\u00a0\u00a0\u00a0\u00a0\u00a0\u00a0\u00a0\u00a0\u00a0\u00a0\u00a0\u00a0\u00a0\u00a0\u00a0\u00a0\u00a0\u00a0\u00a0\u00a0\u00a0\u00a0 Tov\u00e1bbi fontos tev\u00e9kenys\u00e9g\u00fcnk a munkaad\u00f3k inform\u00e1l\u00e1sa megv\u00e1ltozott munkak\u00e9pess\u00e9g\u0171ek foglalkoztat\u00e1s\u00e1nak lehet\u0151s\u00e9geir\u0151l \u00e9s az ig\u00e9nybevehet\u0151 kedvezm\u00e9nyekr\u0151l. Szolg\u00e1ltat\u00e1sunkat a Budapesten \u00e9s k\u00f6rny\u00e9k\u00e9n \u00e9l\u0151 mozg\u00e1skorl\u00e1tozott, [&hellip;]<\/p>\n","protected":false},"author":1,"featured_media":0,"parent":0,"menu_order":0,"comment_status":"closed","ping_status":"closed","template":"","meta":{"footnotes":""},"class_list":["post-139","page","type-page","status-publish","hentry"],"_links":{"self":[{"href":"https:\/\/motivacio.hu\/wordpress_G\/wp-json\/wp\/v2\/pages\/139","targetHints":{"allow":["GET"]}}],"collection":[{"href":"https:\/\/motivacio.hu\/wordpress_G\/wp-json\/wp\/v2\/pages"}],"about":[{"href":"https:\/\/motivacio.hu\/wordpress_G\/wp-json\/wp\/v2\/types\/page"}],"author":[{"embeddable":true,"href":"https:\/\/motivacio.hu\/wordpress_G\/wp-json\/wp\/v2\/users\/1"}],"replies":[{"embeddable":true,"href":"https:\/\/motivacio.hu\/wordpress_G\/wp-json\/wp\/v2\/comments?post=139"}],"version-history":[{"count":0,"href":"https:\/\/motivacio.hu\/wordpress_G\/wp-json\/wp\/v2\/pages\/139\/revisions"}],"wp:attachment":[{"href":"https:\/\/motivacio.hu\/wordpress_G\/wp-json\/wp\/v2\/media?parent=139"}],"curies":[{"name":"wp","href":"https:\/\/api.w.org\/{rel}","templated":true}]}}