{"id":13,"date":"2022-02-23T11:41:57","date_gmt":"2022-02-23T11:41:57","guid":{"rendered":"http:\/\/192.168.0.28\/?page_id=13"},"modified":"2022-02-23T11:41:57","modified_gmt":"2022-02-23T11:41:57","slug":"foglalkozas-rehabilitacios-szolgaltatas-munkatarsai","status":"publish","type":"page","link":"https:\/\/motivacio.hu\/wordpress_G\/foglalkozas-rehabilitacios-szolgaltatas-munkatarsai\/","title":{"rendered":"Foglalkoz\u00e1s rehabilit\u00e1ci\u00f3s szolg\u00e1ltat\u00e1s munkat\u00e1rsai"},"content":{"rendered":"\n<p><strong>T\u00e1nczos Zsuzsanna<\/strong> &#8211; szakmai vezet\u0151<\/p>\n\n\n\n<p><strong>Lubl\u00f3v\u00e1ry Era Bella<\/strong> \u2013 munk\u00e1ltat\u00f3i kapcsolattart\u00f3<\/p>\n\n\n\n<p><strong>P\u00e1link\u00e1s G\u00e1bor<\/strong> \u2013 munkatan\u00e1csad\u00f3<\/p>\n\n\n\n<p><strong>Szendrei Andrea<\/strong> \u2013 munkatan\u00e1csad\u00f3<\/p>\n\n\n\n<p><\/p>\n","protected":false},"excerpt":{"rendered":"","protected":false},"author":1,"featured_media":0,"parent":0,"menu_order":0,"comment_status":"closed","ping_status":"closed","template":"","meta":{"footnotes":""},"class_list":["post-13","page","type-page","status-publish","hentry"],"_links":{"self":[{"href":"https:\/\/motivacio.hu\/wordpress_G\/wp-json\/wp\/v2\/pages\/13","targetHints":{"allow":["GET"]}}],"collection":[{"href":"https:\/\/motivacio.hu\/wordpress_G\/wp-json\/wp\/v2\/pages"}],"about":[{"href":"https:\/\/motivacio.hu\/wordpress_G\/wp-json\/wp\/v2\/types\/page"}],"author":[{"embeddable":true,"href":"https:\/\/motivacio.hu\/wordpress_G\/wp-json\/wp\/v2\/users\/1"}],"replies":[{"embeddable":true,"href":"https:\/\/motivacio.hu\/wordpress_G\/wp-json\/wp\/v2\/comments?post=13"}],"version-history":[{"count":0,"href":"https:\/\/motivacio.hu\/wordpress_G\/wp-json\/wp\/v2\/pages\/13\/revisions"}],"wp:attachment":[{"href":"https:\/\/motivacio.hu\/wordpress_G\/wp-json\/wp\/v2\/media?parent=13"}],"curies":[{"name":"wp","href":"https:\/\/api.w.org\/{rel}","templated":true}]}}