{"id":125,"date":"2022-06-15T11:28:15","date_gmt":"2022-06-15T11:28:15","guid":{"rendered":"http:\/\/wordpress.motivacio.hu\/wordpress\/?page_id=125"},"modified":"2024-01-16T08:49:29","modified_gmt":"2024-01-16T08:49:29","slug":"tajekoztatok","status":"publish","type":"page","link":"https:\/\/motivacio.hu\/wordpress_G\/tajekoztatok\/","title":{"rendered":"T\u00e1j\u00e9koztat\u00f3k"},"content":{"rendered":"\r\n<div><a href=\"https:\/\/motivacio.hu\/wordpress_G\/wp-content\/uploads\/2024\/01\/Szocialis_ellatasok.pdf\">Szoci\u00e1lis ell\u00e1t\u00e1sok<\/a><a id=\"wp-block-file--media-71e249c9-4cfd-4774-a753-789509da7cc6\" href=\"http:\/\/wordpress.motivacio.hu\/wordpress\/wp-content\/uploads\/2022\/06\/72.doc\"><\/a><\/div>\r\n<div><a href=\"https:\/\/motivacio.hu\/wordpress_G\/wp-content\/uploads\/2024\/01\/Ki_igenyelhetik_a_fogyatekossagi_tamogatast.doc\">Ki ig\u00e9nyelhetik a fogyat\u00e9koss\u00e1gi t\u00e1mogat\u00e1st?<\/a><a id=\"wp-block-file--media-0382bc79-1233-497e-bb7e-2fdb084780ad\" href=\"http:\/\/wordpress.motivacio.hu\/wordpress\/wp-content\/uploads\/2022\/06\/73.doc\"><\/a><\/div>\r\n<div><a href=\"https:\/\/motivacio.hu\/wordpress_G\/wp-content\/uploads\/2024\/01\/Milyen_dokumentumokat_kell_benyujtani_a_FOT_kerelemhez.doc\">Milyen dokumentumokat kell beny\u00fajtani a FOT k\u00e9relemhez?<\/a><\/div>\r\n\r\n\r\n","protected":false},"excerpt":{"rendered":"","protected":false},"author":1,"featured_media":0,"parent":0,"menu_order":0,"comment_status":"closed","ping_status":"closed","template":"","meta":{"footnotes":""},"class_list":["post-125","page","type-page","status-publish","hentry"],"_links":{"self":[{"href":"https:\/\/motivacio.hu\/wordpress_G\/wp-json\/wp\/v2\/pages\/125","targetHints":{"allow":["GET"]}}],"collection":[{"href":"https:\/\/motivacio.hu\/wordpress_G\/wp-json\/wp\/v2\/pages"}],"about":[{"href":"https:\/\/motivacio.hu\/wordpress_G\/wp-json\/wp\/v2\/types\/page"}],"author":[{"embeddable":true,"href":"https:\/\/motivacio.hu\/wordpress_G\/wp-json\/wp\/v2\/users\/1"}],"replies":[{"embeddable":true,"href":"https:\/\/motivacio.hu\/wordpress_G\/wp-json\/wp\/v2\/comments?post=125"}],"version-history":[{"count":1,"href":"https:\/\/motivacio.hu\/wordpress_G\/wp-json\/wp\/v2\/pages\/125\/revisions"}],"predecessor-version":[{"id":495,"href":"https:\/\/motivacio.hu\/wordpress_G\/wp-json\/wp\/v2\/pages\/125\/revisions\/495"}],"wp:attachment":[{"href":"https:\/\/motivacio.hu\/wordpress_G\/wp-json\/wp\/v2\/media?parent=125"}],"curies":[{"name":"wp","href":"https:\/\/api.w.org\/{rel}","templated":true}]}}