{"id":118,"date":"2022-06-15T11:22:11","date_gmt":"2022-06-15T11:22:11","guid":{"rendered":"http:\/\/wordpress.motivacio.hu\/wordpress\/?page_id=118"},"modified":"2024-01-16T08:40:53","modified_gmt":"2024-01-16T08:40:53","slug":"szemelyi-szallitas-soran-alkalmazott-dokumentumok","status":"publish","type":"page","link":"https:\/\/motivacio.hu\/wordpress_G\/szemelyi-szallitas-soran-alkalmazott-dokumentumok\/","title":{"rendered":"Szem\u00e9lyi sz\u00e1ll\u00edt\u00e1s sor\u00e1n alkalmazott dokumentumok"},"content":{"rendered":"\r\n<div style=\"text-align: left;\"><a href=\"https:\/\/motivacio.hu\/wordpress_G\/wp-content\/uploads\/2024\/01\/Kerelem_a_szolgaltatas_igenybevetelehez.doc\">K\u00e9relem a szolg\u00e1ltat\u00e1s ig\u00e9nybev\u00e9tel\u00e9hez<\/a><\/div>\r\n<div style=\"text-align: left;\"><a href=\"https:\/\/motivacio.hu\/wordpress_G\/wp-content\/uploads\/2024\/01\/Nyilvantartas.doc\">Nyilv\u00e1ntart\u00e1s<\/a><\/div>\r\n<div style=\"text-align: left;\"><a href=\"https:\/\/motivacio.hu\/wordpress_G\/wp-content\/uploads\/2024\/01\/Nyilatkozat_alapszolgaltatasok_igenybevetelerol.doc\">Nyilatkozat alapszolg\u00e1ltat\u00e1sok ig\u00e9nybev\u00e9tel\u00e9r\u0151l<\/a><\/div>\r\n<div style=\"text-align: left;\"><a href=\"https:\/\/motivacio.hu\/wordpress_G\/wp-content\/uploads\/2024\/01\/Egeszsegi_allapotra_vonatkozo_igazolas.doc\">Eg\u00e9szs\u00e9gi \u00e1llapotra vonatkoz\u00f3 igazol\u00e1s<\/a><\/div>\r\n<div style=\"text-align: left;\"><a href=\"https:\/\/motivacio.hu\/wordpress_G\/wp-content\/uploads\/2024\/01\/Jovedelemnyilatkozat_nagykoru_szemely_szamara.doc\">J\u00f6vedelemnyilatkozat nagykor\u00fa szem\u00e9ly sz\u00e1m\u00e1ra<\/a><\/div>\r\n<div style=\"text-align: left;\"><a href=\"https:\/\/motivacio.hu\/wordpress_G\/wp-content\/uploads\/2024\/01\/Jovedelemnyilatkozat_kiskoru_szemely_szamara.doc\">J\u00f6vedelemnyilatkozat kiskor\u00fa szem\u00e9ly sz\u00e1m\u00e1ra<\/a><\/div>\r\n<div style=\"text-align: left;\"><a href=\"https:\/\/motivacio.hu\/wordpress_G\/wp-content\/uploads\/2024\/01\/Megallapodas_tamogato_szolgalat_igenybevetelerol-1.doc\">Meg\u00e1llapod\u00e1s t\u00e1mogat\u00f3 szolg\u00e1lat ig\u00e9nybev\u00e9tel\u00e9r\u0151l<\/a><\/div>\r\n<div style=\"text-align: left;\"><a href=\"https:\/\/motivacio.hu\/wordpress_G\/wp-content\/uploads\/2024\/01\/Szallitasi_elszamolo_adatlap.doc\">Sz\u00e1ll\u00edt\u00e1si elsz\u00e1mol\u00f3 adatlap<\/a><\/div>\r\n<div style=\"text-align: left;\"><a href=\"https:\/\/motivacio.hu\/wordpress_G\/wp-content\/uploads\/2024\/01\/Tamogato_szolgalat_adatkezelesi_nyilatkozat.pdf\">T\u00e1mogat\u00f3 szolg\u00e1lat adatkezel\u00e9si nyilatkozat<\/a><\/div>\r\n\r\n\r\n\r\n\r\n\r\n\r\n\r\n\r\n\r\n\r\n","protected":false},"excerpt":{"rendered":"","protected":false},"author":1,"featured_media":0,"parent":0,"menu_order":0,"comment_status":"closed","ping_status":"closed","template":"","meta":{"footnotes":""},"class_list":["post-118","page","type-page","status-publish","hentry"],"_links":{"self":[{"href":"https:\/\/motivacio.hu\/wordpress_G\/wp-json\/wp\/v2\/pages\/118","targetHints":{"allow":["GET"]}}],"collection":[{"href":"https:\/\/motivacio.hu\/wordpress_G\/wp-json\/wp\/v2\/pages"}],"about":[{"href":"https:\/\/motivacio.hu\/wordpress_G\/wp-json\/wp\/v2\/types\/page"}],"author":[{"embeddable":true,"href":"https:\/\/motivacio.hu\/wordpress_G\/wp-json\/wp\/v2\/users\/1"}],"replies":[{"embeddable":true,"href":"https:\/\/motivacio.hu\/wordpress_G\/wp-json\/wp\/v2\/comments?post=118"}],"version-history":[{"count":8,"href":"https:\/\/motivacio.hu\/wordpress_G\/wp-json\/wp\/v2\/pages\/118\/revisions"}],"predecessor-version":[{"id":487,"href":"https:\/\/motivacio.hu\/wordpress_G\/wp-json\/wp\/v2\/pages\/118\/revisions\/487"}],"wp:attachment":[{"href":"https:\/\/motivacio.hu\/wordpress_G\/wp-json\/wp\/v2\/media?parent=118"}],"curies":[{"name":"wp","href":"https:\/\/api.w.org\/{rel}","templated":true}]}}