{"id":106,"date":"2022-06-15T10:54:04","date_gmt":"2022-06-15T10:54:04","guid":{"rendered":"http:\/\/wordpress.motivacio.hu\/wordpress\/?page_id=106"},"modified":"2024-01-16T08:42:27","modified_gmt":"2024-01-16T08:42:27","slug":"szemelyi-segites-soran-alkalmazott-dokumentumok","status":"publish","type":"page","link":"https:\/\/motivacio.hu\/wordpress_G\/szemelyi-segites-soran-alkalmazott-dokumentumok\/","title":{"rendered":"Szem\u00e9lyi  seg\u00edt\u00e9s sor\u00e1n  alkalmazott dokumentumok"},"content":{"rendered":"\r\n<div><a href=\"https:\/\/motivacio.hu\/wordpress_G\/wp-content\/uploads\/2024\/01\/Kerelem_a_szolgaltatas_igenybevetelehez.doc\">K\u00e9relem a szolg\u00e1ltat\u00e1s ig\u00e9nybev\u00e9tel\u00e9hez<\/a><\/div>\r\n<div><a href=\"https:\/\/motivacio.hu\/wordpress_G\/wp-content\/uploads\/2024\/01\/Nyilvantartas.doc\">Nyilv\u00e1ntart\u00e1s<\/a><\/div>\r\n\r\n\r\n\r\n<div><a href=\"https:\/\/motivacio.hu\/wordpress_G\/wp-content\/uploads\/2024\/01\/Nyilatkozat_alapszolgaltatasok_igenybevetelerol.doc\">Nyilatkozat alapszolg\u00e1ltat\u00e1sok ig\u00e9nybev\u00e9tel\u00e9r\u0151l<\/a><\/div>\r\n\r\n\r\n\r\n<div><a href=\"https:\/\/motivacio.hu\/wordpress_G\/wp-content\/uploads\/2024\/01\/Egeszsegi_allapotra_vonatkozo_igazolas.doc\">Eg\u00e9szs\u00e9gi \u00e1llapotra vonatkoz\u00f3 igazol\u00e1s<\/a><\/div>\r\n<div><a href=\"https:\/\/motivacio.hu\/wordpress_G\/wp-content\/uploads\/2024\/01\/Jovedelemnyilatkozat_nagykoru_szemely_szamara.doc\">J\u00f6vedelemnyilatkozat nagykor\u00fa szem\u00e9ly sz\u00e1m\u00e1ra<\/a><\/div>\r\n\r\n\r\n\r\n<div><a href=\"https:\/\/motivacio.hu\/wordpress_G\/wp-content\/uploads\/2024\/01\/Egyszerusitett_elogondozasi_lap.doc\">Egyszer\u0171s\u00edtett el\u0151gondoz\u00e1si lap<\/a><\/div>\r\n\r\n\r\n\r\n<div><a href=\"https:\/\/motivacio.hu\/wordpress_G\/wp-content\/uploads\/2024\/01\/Megallapodas_tamogato_szolgalat_igenybevetelerol.doc\">Meg\u00e1llapod\u00e1s t\u00e1mogat\u00f3 szolg\u00e1lat ig\u00e9nybev\u00e9tel\u00e9r\u0151l<\/a><\/div>\r\n\r\n\r\n\r\n<div><a href=\"https:\/\/motivacio.hu\/wordpress_G\/wp-content\/uploads\/2024\/01\/Gondozasi_naplo.doc\">Gondoz\u00e1si napl\u00f3<\/a><\/div>\r\n\r\n\r\n\r\n<div><a href=\"https:\/\/motivacio.hu\/wordpress_G\/wp-content\/uploads\/2024\/01\/Szemelyi_segites_tevekenysegeinek_listaja_kodokkal.doc\">Szem\u00e9lyi seg\u00edt\u00e9s tev\u00e9kenys\u00e9geinek list\u00e1ja, k\u00f3dokkal<\/a><\/div>\r\n\r\n\r\n\r\n<div><a href=\"https:\/\/motivacio.hu\/wordpress_G\/wp-content\/uploads\/2024\/01\/Havi_osszesito.doc\">Havi \u00f6sszes\u00edt\u0151<\/a><\/div>\r\n<div><a href=\"https:\/\/motivacio.hu\/wordpress_G\/wp-content\/uploads\/2024\/01\/Havi_nyilvantartas_a_tenyleges_feladatmutato_szamitasrol.docx\">Havi nyilv\u00e1ntart\u00e1s a t\u00e9nyleges feladatmutat\u00f3 sz\u00e1m\u00edt\u00e1sr\u00f3l<\/a><\/div>\r\n<div><a href=\"https:\/\/motivacio.hu\/wordpress_G\/wp-content\/uploads\/2024\/01\/Tamogato_szolgalat_adatkezelesi_nyilatkozat.pdf\">T\u00e1mogat\u00f3 szolg\u00e1lat adatkezel\u00e9si nyilatkozat<\/a><\/div>\r\n\r\n\r\n","protected":false},"excerpt":{"rendered":"","protected":false},"author":1,"featured_media":0,"parent":0,"menu_order":0,"comment_status":"closed","ping_status":"closed","template":"","meta":{"footnotes":""},"class_list":["post-106","page","type-page","status-publish","hentry"],"_links":{"self":[{"href":"https:\/\/motivacio.hu\/wordpress_G\/wp-json\/wp\/v2\/pages\/106","targetHints":{"allow":["GET"]}}],"collection":[{"href":"https:\/\/motivacio.hu\/wordpress_G\/wp-json\/wp\/v2\/pages"}],"about":[{"href":"https:\/\/motivacio.hu\/wordpress_G\/wp-json\/wp\/v2\/types\/page"}],"author":[{"embeddable":true,"href":"https:\/\/motivacio.hu\/wordpress_G\/wp-json\/wp\/v2\/users\/1"}],"replies":[{"embeddable":true,"href":"https:\/\/motivacio.hu\/wordpress_G\/wp-json\/wp\/v2\/comments?post=106"}],"version-history":[{"count":5,"href":"https:\/\/motivacio.hu\/wordpress_G\/wp-json\/wp\/v2\/pages\/106\/revisions"}],"predecessor-version":[{"id":489,"href":"https:\/\/motivacio.hu\/wordpress_G\/wp-json\/wp\/v2\/pages\/106\/revisions\/489"}],"wp:attachment":[{"href":"https:\/\/motivacio.hu\/wordpress_G\/wp-json\/wp\/v2\/media?parent=106"}],"curies":[{"name":"wp","href":"https:\/\/api.w.org\/{rel}","templated":true}]}}